{"id":8,"date":"2021-10-10T19:42:37","date_gmt":"2021-10-10T22:42:37","guid":{"rendered":"https:\/\/www.grupoleaodomar.org.br\/?page_id=8"},"modified":"2025-07-07T10:00:51","modified_gmt":"2025-07-07T13:00:51","slug":"contato","status":"publish","type":"page","link":"https:\/\/www.grupoleaodomar.org.br\/index.php\/contato\/","title":{"rendered":"Contato"},"content":{"rendered":"<p><\/p>\r\n<p><\/p>\r\n<p><\/p>\r\n<h4><strong>\u00a0<\/strong><\/h4>\r\n<p><strong>\u00a0<\/strong><\/p>\r\n<h4><strong>Caso tenha interesse em inscrever o seu filho no Grupo:<\/strong><\/h4>\r\n<p><strong>\u00a0<\/strong><\/p>\r\n<p><\/p>\r\n<p><\/p>\r\n<p><a href=\"https:\/\/www.escoteiros.org.br\/wp-content\/uploads\/2016\/05\/Guia_seja_bem_vindo.pdf\" target=\"_blank\" rel=\"noopener\"><strong>Guia &#8220;Seja Bem Vindo&#8221; com informa\u00e7\u00f5es b\u00e1sicas do escotismo<\/strong><\/a> ;<\/p>\r\n<p><strong style=\"background-color: var(--global--color-background); color: var(--global--color-primary); font-family: var(--global--font-secondary); font-size: var(--global--font-size-base);\"><a href=\"https:\/\/drive.google.com\/file\/d\/1lF-RK9esWasRrl7xdIGuz13yRWRTkkCv\/view?usp=sharing\" target=\"_blank\" rel=\"noopener\">Manual de Orienta\u00e7\u00f5es de Ingresso\u00a0 &#8211; para pais e respons\u00e1veis &#8211;\u00a0 do GELMAR SC 048<\/a>;<\/strong>\u00a0Com Informa\u00e7\u00f5es sobre hor\u00e1rios, registros, contribui\u00e7\u00e3o mensal, material educativo, etc&#8230;<\/p>\r\n<p><strong style=\"background-color: var(--global--color-background); color: var(--global--color-primary); font-family: var(--global--font-secondary); font-size: var(--global--font-size-base);\"><a href=\"https:\/\/forms.gle\/GgFttqXYXxtCgbHh7\" target=\"_blank\" rel=\"noopener\">Link para o Formul\u00e1rio de interesse para ingresso no Grupo.<\/a> <\/strong><\/p>\r\n<p>&nbsp;<\/p>\r\n<p>&nbsp;<\/p>\r\n<p>&nbsp;<\/p>\r\n<h2 style=\"text-align: center;\"><strong><span style=\"background-color: var(--global--color-background); color: var(--global--color-primary); font-family: var(--global--font-secondary); font-size: var(--global--font-size-base);\">Diretoria &#8211; Gest\u00e3o 2025\/2026\u00a0 \u00a0&#8211;\u00a0 \u00a0Ata da Elei\u00e7\u00e3o &#8211; 31\/05\/2025:<\/span><\/strong><\/h2>\r\n<p style=\"line-height: var(--wp--typography--line-height, var(--global--line-height-body)); max-width: var(--global--spacing-measure); font-family: Roboto, sans-serif; font-size: 20px; text-align: center;\">Presidente : Luis Felipe Alexo de Proen\u00e7a &#8211; <a style=\"max-width: var(--global--spacing-measure);\" href=\"mailto:presidencia@grupoleaodomar.org.br\" target=\"_blank\" rel=\"noreferrer noopener\">presidencia@grupoleaodomar.org.br<\/a><\/p>\r\n<p style=\"line-height: var(--wp--typography--line-height, var(--global--line-height-body)); max-width: var(--global--spacing-measure); font-family: Roboto, sans-serif; font-size: 20px; text-align: center;\">Diretor Financeiro: Saionara Bernardete Muller &#8211; <a style=\"max-width: var(--global--spacing-measure);\" href=\"mailto:financeiro@grupoleaodomar.org.br\" target=\"_blank\" rel=\"noreferrer noopener\">financeiro@grupoleaodomar.org.br<\/a><\/p>\r\n<p style=\"line-height: var(--wp--typography--line-height, var(--global--line-height-body)); max-width: var(--global--spacing-measure); font-family: Roboto, sans-serif; font-size: 20px; text-align: center;\">Diretora Administrativa: Sara Elen Neves de Oliveira\u00a0 &#8211; <a style=\"max-width: var(--global--spacing-measure);\" href=\"mailto:secretaria@grupoleaodomar.org.br\" target=\"_blank\" rel=\"noreferrer noopener\">secretaria@grupoleaodomar.org.br<\/a><\/p>\r\n<p style=\"line-height: var(--wp--typography--line-height, var(--global--line-height-body)); max-width: var(--global--spacing-measure); font-family: Roboto, sans-serif; font-size: 20px; text-align: center;\">\u00a0<\/p>\r\n<p style=\"line-height: var(--wp--typography--line-height, var(--global--line-height-body)); max-width: var(--global--spacing-measure); font-family: Roboto, sans-serif; font-size: 20px; text-align: center;\"><strong>47 9 9115-1924<\/strong> &#8211; Telefone do Grupo Escoteiro com <strong>WhatsApp<\/strong><\/p>\r\n<p>&nbsp;<\/p>\r\n<p>&nbsp;<\/p>\r\n<p style=\"line-height: var(--wp--typography--line-height, var(--global--line-height-body)); max-width: var(--global--spacing-measure); font-family: Roboto, sans-serif; font-size: 20px; text-align: center;\">\u00a0<\/p>\r\n<p style=\"text-align: center;\"><strong>\u00a0<\/strong><\/p>\r\n<p>&nbsp;<\/p>\r\n<p style=\"line-height: var(--wp--typography--line-height, var(--global--line-height-body)); max-width: var(--global--spacing-measure); text-align: center;\"><a style=\"max-width: var(--global--spacing-measure);\" href=\"https:\/\/forms.gle\/NvHeTtnogKiQz8Kk9\" target=\"_blank\" rel=\"noopener\"><strong>Link para Solicita\u00e7\u00e3o de Empr\u00e9stimo da Sede<\/strong><\/a>.\u00a0(somente para organiza\u00e7\u00f5es da sociedade civil e integrantes do grupo).<\/p>\r\n<p style=\"line-height: var(--wp--typography--line-height, var(--global--line-height-body)); max-width: var(--global--spacing-measure); text-align: center;\">\u00a0<\/p>\r\n<p style=\"line-height: var(--wp--typography--line-height, var(--global--line-height-body)); max-width: var(--global--spacing-measure);\">\u00a0<\/p>\r\n<p style=\"line-height: var(--wp--typography--line-height, var(--global--line-height-body)); max-width: var(--global--spacing-measure); text-align: center;\"><a style=\"max-width: var(--global--spacing-measure);\" href=\"https:\/\/calendar.google.com\/calendar\/u\/0\/r?cid=NzlsZnRoZXFscG5rdnFwa2Z0dXEyYzBpb3NAZ3JvdXAuY2FsZW5kYXIuZ29vZ2xlLmNvbQ\" target=\"_blank\" rel=\"noopener\"><strong>Agenda do Grupo dispon\u00edvel no Google<\/strong>:<\/a>\u00a0Verifique a disponibilidade da sede.\u00a0<\/p>\r\n<p style=\"line-height: var(--wp--typography--line-height, var(--global--line-height-body)); max-width: var(--global--spacing-measure); text-align: center;\">\u00a0<\/p>\r\n<p style=\"line-height: var(--wp--typography--line-height, var(--global--line-height-body)); max-width: var(--global--spacing-measure); text-align: center;\">\u00a0<\/p>\r\n<p>&nbsp;<\/p>\r\n<p>&nbsp;<\/p>\r\n<p style=\"line-height: var(--wp--typography--line-height, var(--global--line-height-body)); max-width: var(--global--spacing-measure); text-align: center;\"><strong><a href=\"https:\/\/www.google.com\/maps\/d\/u\/0\/viewer?mid=1n85nnaUWi2srKdWrZjeHRxq0odw&amp;ll=-27.29426097328063%2C-49.00948094999999&amp;z=8\" target=\"_blank\" rel=\"noopener\">Localiza\u00e7\u00f5es \u00e0 partir do GELMAR SC 048<\/a><\/strong><\/p>\r\n<p style=\"line-height: var(--wp--typography--line-height, var(--global--line-height-body)); max-width: var(--global--spacing-measure); text-align: center;\">\u00a0<\/p>\r\n<p style=\"line-height: var(--wp--typography--line-height, var(--global--line-height-body)); max-width: var(--global--spacing-measure); text-align: center;\">\u00a0<\/p>\r\n<p style=\"text-align: center;\"><\/p>\r\n<p style=\"text-align: center;\"><style>\/*! elementor - v3.6.5 - 15-05-2022 *\/\r\n.elementor-widget-google_maps .elementor-widget-container{overflow:hidden}.elementor-widget-google_maps iframe{height:300px}<\/style> <iframe title=\"Grupo Escoteiro Le\u00e3o do Mar \" src=\"https:\/\/maps.google.com\/maps?q=Grupo%20Escoteiro%20Le%C3%A3o%20do%20Mar%20&amp;t=m&amp;z=10&amp;output=embed&amp;iwloc=near\" frameborder=\"0\" marginwidth=\"0\" marginheight=\"0\" scrolling=\"no\" aria-label=\"Grupo Escoteiro Le\u00e3o do Mar \"><\/iframe> <style>\/*! elementor - v3.6.5 - 15-05-2022 *\/\r\n.elementor-widget-image{text-align:center}.elementor-widget-image a{display:inline-block}.elementor-widget-image a img[src$=\".svg\"]{width:48px}.elementor-widget-image img{vertical-align:middle;display:inline-block}<\/style><\/p>\r\n<figure>\r\n<figcaption><strong><br \/>Grupo Escoteiro Le\u00e3o do Mar &#8211; GELMAR SC 048<br \/><br \/><br \/>Endere\u00e7o: Alameda Delfim de P\u00e1dua Peixoto Filho, n 195, <br \/>Bairro dos Munic\u00edpios, Balne\u00e1rio Cambori\u00fa &#8211; SC &#8211; Brasil &#8211; CEP 88.337-315<br \/><br \/><br \/><br \/>Caixa Postal 1001\u00a0 &#8211; Cep 88.330-973<br \/><br \/><br \/>X9R6+87 Munic\u00edpios, Balne\u00e1rio Cambori\u00fa\u00a0 \u00a0&#8211;\u00a0 Plus Code &#8211; Google Maps<br \/><br \/>-27.009214, -48.639301\u00a0 \u00a0<br \/><br \/>https:\/\/maps.app.goo.gl\/w75hUuCEJyweD5p98\u00a0<br \/><br \/><\/strong><\/figcaption>\r\n<\/figure>","protected":false},"excerpt":{"rendered":"<p>\u00a0 \u00a0 Caso tenha interesse em inscrever o seu filho no Grupo: \u00a0 Guia &#8220;Seja Bem Vindo&#8221; com informa\u00e7\u00f5es b\u00e1sicas do escotismo ; Manual de Orienta\u00e7\u00f5es de Ingresso\u00a0 &#8211; para pais e respons\u00e1veis &#8211;\u00a0 do GELMAR SC 048;\u00a0Com Informa\u00e7\u00f5es sobre hor\u00e1rios, registros, contribui\u00e7\u00e3o mensal, material educativo, etc&#8230; Link para o Formul\u00e1rio de interesse para ingresso&hellip; <a class=\"more-link\" href=\"https:\/\/www.grupoleaodomar.org.br\/index.php\/contato\/\">Continuar lendo <span class=\"screen-reader-text\">Contato<\/span><\/a><\/p>\n","protected":false},"author":1,"featured_media":185,"parent":0,"menu_order":0,"comment_status":"closed","ping_status":"closed","template":"","meta":{"footnotes":""},"class_list":["post-8","page","type-page","status-publish","has-post-thumbnail","hentry","entry"],"_links":{"self":[{"href":"https:\/\/www.grupoleaodomar.org.br\/index.php\/wp-json\/wp\/v2\/pages\/8","targetHints":{"allow":["GET"]}}],"collection":[{"href":"https:\/\/www.grupoleaodomar.org.br\/index.php\/wp-json\/wp\/v2\/pages"}],"about":[{"href":"https:\/\/www.grupoleaodomar.org.br\/index.php\/wp-json\/wp\/v2\/types\/page"}],"author":[{"embeddable":true,"href":"https:\/\/www.grupoleaodomar.org.br\/index.php\/wp-json\/wp\/v2\/users\/1"}],"replies":[{"embeddable":true,"href":"https:\/\/www.grupoleaodomar.org.br\/index.php\/wp-json\/wp\/v2\/comments?post=8"}],"version-history":[{"count":67,"href":"https:\/\/www.grupoleaodomar.org.br\/index.php\/wp-json\/wp\/v2\/pages\/8\/revisions"}],"predecessor-version":[{"id":856,"href":"https:\/\/www.grupoleaodomar.org.br\/index.php\/wp-json\/wp\/v2\/pages\/8\/revisions\/856"}],"wp:featuredmedia":[{"embeddable":true,"href":"https:\/\/www.grupoleaodomar.org.br\/index.php\/wp-json\/wp\/v2\/media\/185"}],"wp:attachment":[{"href":"https:\/\/www.grupoleaodomar.org.br\/index.php\/wp-json\/wp\/v2\/media?parent=8"}],"curies":[{"name":"wp","href":"https:\/\/api.w.org\/{rel}","templated":true}]}}