{"id":6,"date":"2021-10-10T19:53:33","date_gmt":"2021-10-10T22:53:33","guid":{"rendered":"https:\/\/www.grupoleaodomar.org.br\/?page_id=6"},"modified":"2025-07-03T10:08:34","modified_gmt":"2025-07-03T13:08:34","slug":"crie-seu-site-com-blocos","status":"publish","type":"page","link":"https:\/\/www.grupoleaodomar.org.br\/","title":{"rendered":"Grupo Escoteiro Le\u00e3o do Mar"},"content":{"rendered":"\r\n<h3><strong>Venha ser um Adulto volunt\u00e1rio no Le\u00e3o do Mar<\/strong><\/h3>\r\n<p><em>MUITOS JOVENS PRECISAM DE VOC\u00ca PARA PRATICAR O ESCOTISMO SEJA UM VOLUNT\u00c1RIO<\/em><\/p>\r\n<p>Aventura, responsabilidade, autoconhecimento, altru\u00edsmo e a constru\u00e7\u00e3o de um mundo melhor, \u00e9 o que viver\u00e1 o volunt\u00e1rio escotista. Ser volunt\u00e1rio \u00e9 inspirador n\u00e9? Mas ser volunt\u00e1rio no movimento escoteiro tem um toque especial. \u269c\ufe0f<\/p>\r\n<p>Para isso, basta ter disponibilidade aos s\u00e1bados (dia de funcionamento do Grupo), poder dedicar-se \u00e0<br \/>aquisi\u00e7\u00e3o de conhecimentos e ao preparo das atividades, al\u00e9m de adorar o contato com a natureza, com crian\u00e7as, adolescentes e jovens e compartilhar de nossos Princ\u00edpios e Valores.<\/p>\r\n<p>Nossos adultos contribuem para a evolu\u00e7\u00e3o dos jovens, os apoiando em seu desenvolvimento e incentivando na constru\u00e7\u00e3o de um mundo melhor.<\/p>\r\n<p>Nossos volunt\u00e1rios s\u00e3o pe\u00e7a fundamental para a aplica\u00e7\u00e3o do M\u00e9todo Escoteiro, dedicando seu tempo e esfor\u00e7o em prol da educa\u00e7\u00e3o de crian\u00e7as e jovens.<\/p>\r\n<p>&nbsp;<\/p>\r\n<figure id=\"attachment_832\" aria-describedby=\"caption-attachment-832\" style=\"width: 750px\" class=\"wp-caption alignnone\"><img fetchpriority=\"high\" decoding=\"async\" class=\"size-large wp-image-832\" src=\"https:\/\/www.grupoleaodomar.org.br\/wp-content\/uploads\/2025\/05\/2025_Acampais_-1024x683.jpg\" alt=\"Acampais - Canelinha maio de 2025\" width=\"750\" height=\"500\" srcset=\"https:\/\/www.grupoleaodomar.org.br\/wp-content\/uploads\/2025\/05\/2025_Acampais_-1024x683.jpg 1024w, https:\/\/www.grupoleaodomar.org.br\/wp-content\/uploads\/2025\/05\/2025_Acampais_-300x200.jpg 300w, https:\/\/www.grupoleaodomar.org.br\/wp-content\/uploads\/2025\/05\/2025_Acampais_-768x512.jpg 768w, https:\/\/www.grupoleaodomar.org.br\/wp-content\/uploads\/2025\/05\/2025_Acampais_-1536x1024.jpg 1536w, https:\/\/www.grupoleaodomar.org.br\/wp-content\/uploads\/2025\/05\/2025_Acampais_-2048x1365.jpg 2048w, https:\/\/www.grupoleaodomar.org.br\/wp-content\/uploads\/2025\/05\/2025_Acampais_-1568x1045.jpg 1568w\" sizes=\"(max-width: 750px) 100vw, 750px\" \/><figcaption id=\"caption-attachment-832\" class=\"wp-caption-text\">Acampais &#8211; Canelinha maio de 2025<\/figcaption><\/figure>\r\n<p>O adulto \u00e9 a ferramenta pela qual o Escotismo acontece, e que possibilita que o jovem seja o protagonista e o foco do nosso Movimento. Por isso para incrementar nosso lindo time de chefes criamos um formul\u00e1rio para aqueles que queiram contribuir conosco.<\/p>\r\n<p><strong>Venha ser um volunt\u00e1rio, junte-se a n\u00f3s, acesse nosso\u00a0Formul\u00e1rio<\/strong> &#8211; <a href=\"https:\/\/forms.gle\/xxrvTGzVeAdWuSX79\" target=\"_blank\" rel=\"noopener\">https:\/\/forms.gle\/xxrvTGzVeAdWuSX79<\/a><\/p>\r\n<p>&nbsp;<\/p>\r\n<p>&nbsp;<\/p>\r\n<p>&nbsp;<\/p>\r\n<p>&nbsp;<\/p>\r\n<p><img decoding=\"async\" class=\" wp-image-555 aligncenter\" src=\"https:\/\/www.grupoleaodomar.org.br\/wp-content\/uploads\/2023\/06\/dji_fly_20230319_085646_642_1679227483533_photo_optimized-1024x576.jpg\" alt=\"\" width=\"1053\" height=\"592\" srcset=\"https:\/\/www.grupoleaodomar.org.br\/wp-content\/uploads\/2023\/06\/dji_fly_20230319_085646_642_1679227483533_photo_optimized-1024x576.jpg 1024w, https:\/\/www.grupoleaodomar.org.br\/wp-content\/uploads\/2023\/06\/dji_fly_20230319_085646_642_1679227483533_photo_optimized-300x169.jpg 300w, https:\/\/www.grupoleaodomar.org.br\/wp-content\/uploads\/2023\/06\/dji_fly_20230319_085646_642_1679227483533_photo_optimized-768x432.jpg 768w, https:\/\/www.grupoleaodomar.org.br\/wp-content\/uploads\/2023\/06\/dji_fly_20230319_085646_642_1679227483533_photo_optimized-1536x864.jpg 1536w, https:\/\/www.grupoleaodomar.org.br\/wp-content\/uploads\/2023\/06\/dji_fly_20230319_085646_642_1679227483533_photo_optimized-2048x1152.jpg 2048w, https:\/\/www.grupoleaodomar.org.br\/wp-content\/uploads\/2023\/06\/dji_fly_20230319_085646_642_1679227483533_photo_optimized-1568x882.jpg 1568w\" sizes=\"(max-width: 1053px) 100vw, 1053px\" \/><\/p>\r\n<p>&nbsp;<\/p>\r\n<h3><strong><a href=\"https:\/\/www.grupoleaodomar.org.br\/index.php\/sobre\/\">Saiba mais sobre o Grupo Escoteiro Le\u00e3o do Mar<\/a><\/strong><\/h3>\r\n<p>&nbsp;<\/p>\r\n<p>&nbsp;<\/p>\r\n<h3><strong><a href=\"https:\/\/calendar.google.com\/calendar\/u\/0\/r?cid=NzlsZnRoZXFscG5rdnFwa2Z0dXEyYzBpb3NAZ3JvdXAuY2FsZW5kYXIuZ29vZ2xlLmNvbQ\">Agenda no Google do Grupo Escoteiro Le\u00e3o do Mar\u00a0<\/a><\/strong><\/h3>\r\n<h3>\u00a0<\/h3>\r\n<div class=\"wp-block-columns alignwide are-vertically-aligned-top\">\u00a0<\/div>\r\n<h3 style=\"text-align: center;\"><a href=\"https:\/\/photos.app.goo.gl\/cQFkc7wEBwwqh83p9\" target=\"_blank\" rel=\"noopener\">Imagens a\u00e9reas da sede do grupo.<\/a><\/h3>\r\n<p><img decoding=\"async\" class=\"size-large wp-image-557 aligncenter\" src=\"https:\/\/www.grupoleaodomar.org.br\/wp-content\/uploads\/2023\/06\/dji_fly_20230319_085724_644_1679227480846_photo_optimized-1024x576.jpg\" alt=\"\" width=\"750\" height=\"422\" srcset=\"https:\/\/www.grupoleaodomar.org.br\/wp-content\/uploads\/2023\/06\/dji_fly_20230319_085724_644_1679227480846_photo_optimized-1024x576.jpg 1024w, https:\/\/www.grupoleaodomar.org.br\/wp-content\/uploads\/2023\/06\/dji_fly_20230319_085724_644_1679227480846_photo_optimized-300x169.jpg 300w, https:\/\/www.grupoleaodomar.org.br\/wp-content\/uploads\/2023\/06\/dji_fly_20230319_085724_644_1679227480846_photo_optimized-768x432.jpg 768w, https:\/\/www.grupoleaodomar.org.br\/wp-content\/uploads\/2023\/06\/dji_fly_20230319_085724_644_1679227480846_photo_optimized-1536x864.jpg 1536w, https:\/\/www.grupoleaodomar.org.br\/wp-content\/uploads\/2023\/06\/dji_fly_20230319_085724_644_1679227480846_photo_optimized-2048x1152.jpg 2048w, https:\/\/www.grupoleaodomar.org.br\/wp-content\/uploads\/2023\/06\/dji_fly_20230319_085724_644_1679227480846_photo_optimized-1568x882.jpg 1568w\" sizes=\"(max-width: 750px) 100vw, 750px\" \/><\/p>\r\n<p>&nbsp;<\/p>\r\n<p>&nbsp;<\/p>\r\n<p><img loading=\"lazy\" decoding=\"async\" class=\"size-large wp-image-550 aligncenter\" src=\"https:\/\/www.grupoleaodomar.org.br\/wp-content\/uploads\/2023\/06\/dji_fly_20230319_085500_637_1679227490298_photo_optimized-1024x576.jpg\" alt=\"\" width=\"750\" height=\"422\" srcset=\"https:\/\/www.grupoleaodomar.org.br\/wp-content\/uploads\/2023\/06\/dji_fly_20230319_085500_637_1679227490298_photo_optimized-1024x576.jpg 1024w, https:\/\/www.grupoleaodomar.org.br\/wp-content\/uploads\/2023\/06\/dji_fly_20230319_085500_637_1679227490298_photo_optimized-300x169.jpg 300w, https:\/\/www.grupoleaodomar.org.br\/wp-content\/uploads\/2023\/06\/dji_fly_20230319_085500_637_1679227490298_photo_optimized-768x432.jpg 768w, https:\/\/www.grupoleaodomar.org.br\/wp-content\/uploads\/2023\/06\/dji_fly_20230319_085500_637_1679227490298_photo_optimized-1536x864.jpg 1536w, https:\/\/www.grupoleaodomar.org.br\/wp-content\/uploads\/2023\/06\/dji_fly_20230319_085500_637_1679227490298_photo_optimized-2048x1152.jpg 2048w, https:\/\/www.grupoleaodomar.org.br\/wp-content\/uploads\/2023\/06\/dji_fly_20230319_085500_637_1679227490298_photo_optimized-1568x882.jpg 1568w\" sizes=\"(max-width: 750px) 100vw, 750px\" \/><\/p>\r\n<p>&nbsp;<\/p>\r\n<p>&nbsp;<\/p>\r\n<div style=\"width: 750px;\" class=\"wp-video\"><video class=\"wp-video-shortcode\" id=\"video-6-1\" width=\"750\" height=\"422\" poster=\"https:\/\/www.grupoleaodomar.org.br\/wp-content\/uploads\/2023\/06\/dji_fly_20230319_085710_643_1679227482196_photo_optimized-scaled.jpg\" loop autoplay preload=\"metadata\" controls=\"controls\"><source type=\"video\/mp4\" src=\"https:\/\/www.grupoleaodomar.org.br\/wp-content\/uploads\/2023\/06\/dji_fly_20230319_090128_651_1679227470137_video.mp4?_=1\" \/><a href=\"https:\/\/www.grupoleaodomar.org.br\/wp-content\/uploads\/2023\/06\/dji_fly_20230319_090128_651_1679227470137_video.mp4\">https:\/\/www.grupoleaodomar.org.br\/wp-content\/uploads\/2023\/06\/dji_fly_20230319_090128_651_1679227470137_video.mp4<\/a><\/video><\/div>\r\n<p>&nbsp;<\/p>\r\n<p>&nbsp;<\/p>\r\n<div>\u00a0<\/div>\r\n<p>\r\n\r\n<\/p>\r\n<div class=\"wp-playlist wp-video-playlist wp-playlist-light\">\n\t\t<video controls=\"controls\" preload=\"none\" width=\"728\"\n\t\t height=\"410\"\t><\/video>\n\t<div class=\"wp-playlist-next\"><\/div>\n\t<div class=\"wp-playlist-prev\"><\/div>\n\t<noscript>\n\t<ol>\n\t\t<li><a href='https:\/\/www.grupoleaodomar.org.br\/wp-content\/uploads\/2022\/05\/ACAMPAIS_2022.mp4'>ACAMPAIS_2022<\/a><\/li>\t<\/ol>\n\t<\/noscript>\n\t<script type=\"application\/json\" class=\"wp-playlist-script\">{\"type\":\"video\",\"tracklist\":true,\"tracknumbers\":true,\"images\":true,\"artists\":true,\"tracks\":[{\"src\":\"https:\/\/www.grupoleaodomar.org.br\/wp-content\/uploads\/2022\/05\/ACAMPAIS_2022.mp4\",\"type\":\"video\/mp4\",\"title\":\"ACAMPAIS_2022\",\"caption\":\"Acampais 2022 - Campo Escoteiro Paulo dos Reis - Florian\\u00f3polis - SC - Brasil\",\"description\":\"Atividade de Grupo realizada No campo escoteiro Paulo dos Reis no Rio Vermelho em Florian\\u00f3polis.\",\"meta\":{\"length_formatted\":\"1:52\"},\"dimensions\":{\"original\":{\"width\":1280,\"height\":720},\"resized\":{\"width\":728,\"height\":410}},\"image\":{\"src\":\"https:\/\/www.grupoleaodomar.org.br\/wp-includes\/images\/media\/video.svg\",\"width\":48,\"height\":64},\"thumb\":{\"src\":\"https:\/\/www.grupoleaodomar.org.br\/wp-includes\/images\/media\/video.svg\",\"width\":48,\"height\":64}}]}<\/script>\n<\/div>\n\t\r\n<p>\r\n\r\n<\/p>\r\n<p>&nbsp;<\/p>\r\n<p>&nbsp;<\/p>\r\n<p>&nbsp;<\/p>\r\n<h3 style=\"text-align: center;\">\u00a0<\/h3>\r\n<p>&nbsp;<\/p>\r\n<p>&nbsp;<\/p>\r\n<p style=\"text-align: center;\"><em>Grupo Escoteiro Le\u00e3o do Mar &#8211; GELMAR SC 048<\/em><\/p>\r\n<p style=\"text-align: center;\"><em>Balne\u00e1rio Cambori\u00fa<\/em><\/p>\r\n<p style=\"text-align: center;\"><em>S<\/em><em>anta Catarina<\/em><\/p>\r\n<p style=\"text-align: center;\"><em>Brasil<\/em><\/p>\r\n<p style=\"text-align: center;\"><em>Fundado em 23\/10\/1980<\/em><\/p>\r\n<p>&nbsp;<\/p>\r\n","protected":false},"excerpt":{"rendered":"<p>Venha ser um Adulto volunt\u00e1rio no Le\u00e3o do Mar MUITOS JOVENS PRECISAM DE VOC\u00ca PARA PRATICAR O ESCOTISMO SEJA UM VOLUNT\u00c1RIO Aventura, responsabilidade, autoconhecimento, altru\u00edsmo e a constru\u00e7\u00e3o de um mundo melhor, \u00e9 o que viver\u00e1 o volunt\u00e1rio escotista. Ser volunt\u00e1rio \u00e9 inspirador n\u00e9? Mas ser volunt\u00e1rio no movimento escoteiro tem um toque especial. \u269c\ufe0f&hellip; <a class=\"more-link\" href=\"https:\/\/www.grupoleaodomar.org.br\/\">Continuar lendo <span class=\"screen-reader-text\">Grupo Escoteiro Le\u00e3o do Mar<\/span><\/a><\/p>\n","protected":false},"author":1,"featured_media":832,"parent":0,"menu_order":0,"comment_status":"closed","ping_status":"closed","template":"","meta":{"footnotes":""},"class_list":["post-6","page","type-page","status-publish","has-post-thumbnail","hentry","entry"],"_links":{"self":[{"href":"https:\/\/www.grupoleaodomar.org.br\/index.php\/wp-json\/wp\/v2\/pages\/6","targetHints":{"allow":["GET"]}}],"collection":[{"href":"https:\/\/www.grupoleaodomar.org.br\/index.php\/wp-json\/wp\/v2\/pages"}],"about":[{"href":"https:\/\/www.grupoleaodomar.org.br\/index.php\/wp-json\/wp\/v2\/types\/page"}],"author":[{"embeddable":true,"href":"https:\/\/www.grupoleaodomar.org.br\/index.php\/wp-json\/wp\/v2\/users\/1"}],"replies":[{"embeddable":true,"href":"https:\/\/www.grupoleaodomar.org.br\/index.php\/wp-json\/wp\/v2\/comments?post=6"}],"version-history":[{"count":53,"href":"https:\/\/www.grupoleaodomar.org.br\/index.php\/wp-json\/wp\/v2\/pages\/6\/revisions"}],"predecessor-version":[{"id":853,"href":"https:\/\/www.grupoleaodomar.org.br\/index.php\/wp-json\/wp\/v2\/pages\/6\/revisions\/853"}],"wp:featuredmedia":[{"embeddable":true,"href":"https:\/\/www.grupoleaodomar.org.br\/index.php\/wp-json\/wp\/v2\/media\/832"}],"wp:attachment":[{"href":"https:\/\/www.grupoleaodomar.org.br\/index.php\/wp-json\/wp\/v2\/media?parent=6"}],"curies":[{"name":"wp","href":"https:\/\/api.w.org\/{rel}","templated":true}]}}