{"id":366,"date":"2022-08-12T09:13:59","date_gmt":"2022-08-12T12:13:59","guid":{"rendered":"https:\/\/www.grupoleaodomar.org.br\/?page_id=366"},"modified":"2025-12-02T22:59:20","modified_gmt":"2025-12-03T01:59:20","slug":"transparencia","status":"publish","type":"page","link":"https:\/\/www.grupoleaodomar.org.br\/index.php\/transparencia\/","title":{"rendered":"Transpar\u00eancia"},"content":{"rendered":"<p>Essa p\u00e1gina tem o objetivo de dar a maior transpar\u00eancia poss\u00edvel na gest\u00e3o do Grupo Escoteiro Le\u00e3o do Mar, cumprindo assim suas obriga\u00e7\u00f5es estatut\u00e1rias e tentando construir um facilitador para novos acordos, conv\u00eanios ou projetos para capta\u00e7\u00e3o de recursos, ajudando a manter o bom funcionamento da entidade.<\/p>\n<p>Um fato muito importante de ser informado \u00e9 que os adultos que trabalham no Grupo Escoteiro Le\u00e3o do Mar s\u00e3o todos volunt\u00e1rios, o grupo n\u00e3o disp\u00f5e de funcion\u00e1rios para existir ou funcionar. \u00c9 uma institui\u00e7\u00e3o sem fins lucrativos, beneficente que capta recursos para ter um melhor funcionamento e atingir os seus objetivos estatut\u00e1rios.<\/p>\n<p>&nbsp;<\/p>\n<h4><strong>Documentos:<\/strong><\/h4>\n<p><a href=\"https:\/\/drive.google.com\/file\/d\/1091atEI1aVKQ2n7FLG0mqUbVJcgGEGKr\/view?usp=sharing\" target=\"_blank\" rel=\"noopener\">Estatuto<\/a>;<\/p>\n<p><a href=\"https:\/\/drive.google.com\/file\/d\/1EN7MPr3ilcdmgLiLxJdH768fDPKOT1xh\/view\" target=\"_blank\" rel=\"noopener\">Regimento Interno;<\/a><\/p>\n<p><a href=\"https:\/\/drive.google.com\/file\/d\/10Odp8ApNdaQ6F3HFRJVE2a8OJhHuTqBs\/view?usp=sharing\" target=\"_blank\" rel=\"noopener\">P.O.R. 2025<\/a>;<\/p>\n<p>&nbsp;<\/p>\n<p><a href=\"https:\/\/drive.google.com\/file\/d\/1GfkR2QFqsXnjBuaJ79FkrASAhujfu4ME\/view?usp=sharing\" target=\"_blank\" rel=\"noopener\">Cart\u00e3o de CNPJ<\/a>;<\/p>\n<p><a href=\"https:\/\/drive.google.com\/file\/d\/1quxHfK9fHaG6rhiPVAUHdhcyJvHcl6lU\/view?usp=sharing\" target=\"_blank\" rel=\"noopener\">CNPJ &#8211;\u00a0 \u00a0QSA<\/a>;<\/p>\n<p><a href=\"https:\/\/servicos.receita.fazenda.gov.br\/servicos\/cnpjreva\/cnpjreva_solicitacao.asp\" target=\"_blank\" rel=\"noopener\">Link <\/a><a href=\"https:\/\/servicos.receita.fazenda.gov.br\/servicos\/cnpjreva\/cnpjreva_solicitacao.asp\" target=\"_blank\" rel=\"noopener\">da Institui\u00e7\u00e3o para emiss\u00e3o<\/a>;<\/p>\n<p>&nbsp;<\/p>\n<p>&nbsp;<\/p>\n<h4><strong>Documentos Financeiros:<\/strong><\/h4>\n<h4><strong>2024 &#8211; Documentos Cont\u00e1beis<\/strong><\/h4>\n<p><a href=\"https:\/\/drive.google.com\/file\/d\/1Ncm91eBy35M0-Dl2z7cy9LabURC9Omk_\/view?usp=sharing\" target=\"_blank\" rel=\"noopener\">Balan\u00e7o 2024<\/a>;<\/p>\n<p><a href=\"https:\/\/drive.google.com\/file\/d\/19QWxmEFDr6FRjDfMKuCItb6c5c0lk7VV\/view?usp=sharing\" target=\"_blank\" rel=\"noopener\">Balancete 2024<\/a>;<\/p>\n<p><a href=\"https:\/\/drive.google.com\/file\/d\/122PQfpDrGQTyaC9NbSAM_bnuyLpjkJmg\/view?usp=sharing\" target=\"_blank\" rel=\"noopener\">DRE 2024<\/a>;<\/p>\n<p><a href=\"https:\/\/drive.google.com\/file\/d\/1QISE_Hs983IcrI8BBRoZJEH-LsMVt9er\/view?usp=sharing\" target=\"_blank\" rel=\"noopener\">Conselho Fiscal &#8211; Parecer das contas de 2024<\/a><\/p>\n<h4><\/h4>\n<h4><strong>CND&#8217;s &#8211; Certid\u00f5es Negativas de D\u00e9bito<\/strong>:<\/h4>\n<p><a href=\"https:\/\/drive.google.com\/file\/d\/1zR8-3fpxzdrcUO9VXkW2DJP7j5dj-PjQ\/view?usp=sharing\" target=\"_blank\" rel=\"noopener\">CND Federal<\/a><\/p>\n<p>&#8211; <a href=\"https:\/\/servicos.receitafederal.gov.br\/servico\/certidoes\/#\/home\/cnpj\" target=\"_blank\" rel=\"noopener\">Link da Institui\u00e7\u00e3o para emiss\u00e3o<\/a>;<\/p>\n<p>&nbsp;<\/p>\n<p><a href=\"https:\/\/drive.google.com\/file\/d\/1_oAR2CN1a_Cb5Cc14-7qQATnOrlc-8Bx\/view?usp=sharing\" target=\"_blank\" rel=\"noopener\">CND Estadual<\/a><\/p>\n<p>&#8211; <a href=\"https:\/\/sat.sef.sc.gov.br\/tax.NET\/Sat.CtaCte.Web\/SolicitacaoCnd.aspx\" target=\"_blank\" rel=\"noopener\">Link <\/a><a href=\"https:\/\/sat.sef.sc.gov.br\/tax.NET\/Sat.CtaCte.Web\/SolicitacaoCnd.aspx\" target=\"_blank\" rel=\"noopener\">da Institui\u00e7\u00e3o para emiss\u00e3o<\/a>;<\/p>\n<p>&nbsp;<\/p>\n<p><a href=\"https:\/\/drive.google.com\/file\/d\/1U3AQT3CDZJV5QOX7p51RB40LuO2WUpQn\/view?usp=sharing\" target=\"_blank\" rel=\"noopener\">CND Municipal<\/a><\/p>\n<p>&#8211; <a href=\"https:\/\/cidadao.bc.sc.gov.br\/cidadao\/balneario_camboriu\/portal\/servicos\/certidoes\/emissao?params=MTU%3D\" target=\"_blank\" rel=\"noopener\">Link da Institui\u00e7\u00e3o para emiss\u00e3o<\/a>;<\/p>\n<p>&nbsp;<\/p>\n<p><a href=\"https:\/\/drive.google.com\/file\/d\/1HNjj4_AuhWVOwYeHcfEMvo8hTiEvm4jd\/view?usp=sharing\" target=\"_blank\" rel=\"noopener\">CND A\u00e7\u00f5es Trabalhistas &#8211; TRT &#8211; TST<\/a>;<\/p>\n<p>&#8211; <a href=\"https:\/\/pje.trt12.jus.br\/certidoes\/trabalhista\/emissao\" target=\"_blank\" rel=\"noopener\">Link da Institui\u00e7\u00e3o para emiss\u00e3o<\/a>;<\/p>\n<p><a href=\"https:\/\/drive.google.com\/file\/d\/13aorX0bOOknFH_LTRbkcAyhLKmGaL2Xc\/view?usp=sharing\" target=\"_blank\" rel=\"noopener\">CND Justi\u00e7a do Tragalho TST &#8211; TRT<\/a>;<\/p>\n<p>&#8211;<a href=\"https:\/\/www.tst.jus.br\/certidao1\" target=\"_blank\" rel=\"noopener\">Link da Institui\u00e7\u00e3o para emiss\u00e3o<\/a>;<\/p>\n<p>&nbsp;<\/p>\n<p><a href=\"https:\/\/drive.google.com\/file\/d\/1gwu00GcDfgBu6BsFjBzSjvIsiqJ8g6yr\/view?usp=sharing\" target=\"_blank\" rel=\"noopener\">Certid\u00e3o de Regularidade FGTS<\/a><\/p>\n<p>&#8211; <a href=\"https:\/\/consulta-crf.caixa.gov.br\/consultacrf\/pages\/consultaEmpregador.jsf\" target=\"_blank\" rel=\"noopener\">Link <\/a><a href=\"https:\/\/consulta-crf.caixa.gov.br\/consultacrf\/pages\/consultaEmpregador.jsf\" target=\"_blank\" rel=\"noopener\">da Institui\u00e7\u00e3o para emiss\u00e3o<\/a>;<\/p>\n<h4><\/h4>\n<p>&nbsp;<\/p>\n<p><a href=\"https:\/\/drive.google.com\/file\/d\/1_fO9xbGgSKt2toDgix4tR4u80SLNJefZ\/view?usp=sharing\" target=\"_blank\" rel=\"noopener\">Certid\u00e3o de Breve Relato &#8211; Cart\u00f3rio de T\u00edtulos e Documentos 2025<\/a>;<\/p>\n<p>&nbsp;<\/p>\n<h4><strong>Relat\u00f3rio de Atividades 2024 :<\/strong><\/h4>\n<p><a href=\"https:\/\/drive.google.com\/file\/d\/17PC9zM2CyIYXmedCnnCbdS_eFovbaG-F\/view?usp=sharing\" target=\"_blank\" rel=\"noopener\">Relat\u00f3rio Anual<strong> Resumido<\/strong> de Atividades Externas do Grupo no ano de 2024<\/a>;<\/p>\n<p><a href=\"https:\/\/drive.google.com\/file\/d\/1m8e8ZL9X_NR4KQ2pZ_SGnCBH6TD48aI_\/view?usp=sharing\" target=\"_blank\" rel=\"noopener\">Relat\u00f3rio Anual <strong>Completo<\/strong> de\u00a0 Atividades Externas do Grupo no ano de 2024<\/a>;<\/p>\n<p>&nbsp;<\/p>\n<p><a href=\"https:\/\/drive.google.com\/file\/d\/19DCFXlmFHuxDOKB5scuANUa26SPF7rmF\/view?usp=sharing\" target=\"_blank\" rel=\"noopener\">Relat\u00f3rio UEB &#8211; SC 2024<\/a>;<\/p>\n<p><a href=\"https:\/\/drive.google.com\/file\/d\/1iEAQjBjBGFbsbua17Q6TLoRntJvPpnsO\/view?usp=sharing\" target=\"_blank\" rel=\"noopener\">Relat\u00f3rio UEB Nacional 2024<\/a>;<\/p>\n<p>&nbsp;<\/p>\n<p><a href=\"https:\/\/drive.google.com\/file\/d\/1MH1AYbMPBJDlTcdWNBLR-c0V25hHdyrc\/view?usp=sharing\" target=\"_blank\" rel=\"noopener\">Agenda Google 2024<\/a>;<\/p>\n<p>&nbsp;<\/p>\n<h4><strong>Assembleia Legislativa de Santa Catarina:<\/strong><\/h4>\n<p>Em virtude da utilidade utilidade p\u00fablica estadual do Grupo Escoteiro Le\u00e3o do Mar anualmente o grupo tem que encaminhar uma s\u00e9rie de documentos para manter essa condi\u00e7\u00e3o, ap\u00f3s a confer\u00eancia da ALESC \u00e9 emitido um documento que atesta essa verifica\u00e7\u00e3o.<\/p>\n<p>&nbsp;<\/p>\n<p><a href=\"http:\/\/leis.alesc.sc.gov.br\/html\/2021\/18278_2021_lei.html\" target=\"_blank\" rel=\"noopener\">Lei Estadual de Utilidade P\u00fablica Lei no 18.278, de 20 de dezembro de 2021<\/a>-Balne\u00e1rio Cambori\u00fa item 64;<\/p>\n<p>&nbsp;<\/p>\n<p><a href=\"https:\/\/drive.google.com\/file\/d\/1Izu09bPdtowHONzitG7Qz6SkBnocB_vy\/view?usp=sharing\" target=\"_blank\" rel=\"noopener\">Certid\u00e3o ALESC 2025-2028<\/a>;<\/p>\n<p><a href=\"https:\/\/drive.google.com\/file\/d\/14GSlaYhOHYx5YUZzp_IPMxz6YUQi6_iA\/view?usp=sharing\" target=\"_blank\" rel=\"noopener\">Relat\u00f3rio Alesc 2025<\/a>;<\/p>\n<p>&nbsp;<\/p>\n<p><a href=\"https:\/\/drive.google.com\/file\/d\/1UfNQvZdR9xGMkyZkBi0sTLRZRNS68lmq\/view?usp=sharing\" target=\"_blank\" rel=\"noopener\">Comunicado de envio de certid\u00e3o<\/a>;<\/p>\n<p>&nbsp;<\/p>\n<p>&nbsp;<\/p>\n<h4><strong>Prefeitura Municipal de Balne\u00e1rio Cambori\u00fa:<\/strong><\/h4>\n<p>&nbsp;<\/p>\n<p><a href=\"https:\/\/drive.google.com\/file\/d\/15bFGp-vOkLz5CK-NrQuQTHF4-hefVQlZ\/view?usp=sharing\" target=\"_blank\" rel=\"noopener\">Decreto N\u00ba 3817, de 15 de Dezembro de 2003. &#8220;DECLARA DE UTILIDADE P\u00daBLICA O &#8220;GRUPO ESCOTEIRO LE\u00c3O DO MAR.&#8221;&#8221;<\/a>;<\/p>\n<p><a href=\"https:\/\/drive.google.com\/file\/d\/1IndyWrOq93MgHQYDDAnIjjpC3alkI13g\/view?usp=sharing\" target=\"_blank\" rel=\"noopener\">Lei N\u00ba 3.630, de 14 de Novembro de 2013. &#8211; Concess\u00e3o de Uso de Terreno<\/a>;<\/p>\n<p><a href=\"https:\/\/drive.google.com\/file\/d\/1HAfKLOvtuR-ik1GQ0zFOnQj1B15bFtti\/view?usp=sharing\" target=\"_blank\" rel=\"noopener\">LEI No 4.574, DE 29 DE SETEMBRO DE 2021 &#8211; &#8220;Declara de utilidade p\u00fablica o\u00a0<\/a><a href=\"https:\/\/drive.google.com\/file\/d\/1HAfKLOvtuR-ik1GQ0zFOnQj1B15bFtti\/view?usp=sharing\" target=\"_blank\" rel=\"noopener\">Grupo Escoteiros Le\u00e3o do Mar.&#8221;;<\/a><\/p>\n<p><a href=\"https:\/\/leismunicipais.com.br\/a\/sc\/b\/balneario-camboriu\/lei-ordinaria\/2024\/489\/4888\/lei-ordinaria-n-4888-2024-declara-como-patrimonio-cultural-imaterial-do-municipio-de-balneario-camboriu-o-escotismo?q=4888%2F2024\" target=\"_blank\" rel=\"noopener\">Lei Municipal N\u00ba 4.888 de 05 de abril de 2024 &#8211; &#8220;Declara o Escotismo Patrim\u00f4nio Imaterial de Balne\u00e1rio&#8221;; Cambori\u00fa;<\/a><\/p>\n<h4><\/h4>\n<h4><\/h4>\n<p>&nbsp;<\/p>\n<h4><strong>C\u00e2mara Municipal de Vereadores:<\/strong><\/h4>\n<p>Em virtude da utilidade p\u00fablica municipal do Grupo Escoteiro Le\u00e3o do Mar anualmente o grupo deve encaminhar uma s\u00e9rie de documentos para a C\u00e2mara Municipal de Vereadores para manter essa condi\u00e7\u00e3o.<\/p>\n<p><a href=\"https:\/\/drive.google.com\/file\/d\/146hTrPuU68UaB6MzCvw7kOzow1PUPh4u\/view?usp=sharing\" target=\"_blank\" rel=\"noopener\">Certificado de Utilidade P\u00fablica &#8211; 2025 &#8211; v\u00e1lida at\u00e9 maio de 2026<\/a>;<\/p>\n<p>&nbsp;<\/p>\n<h4><strong>Conselho Municipal dos Direitos da Crian\u00e7a e do Adolescente:<\/strong><\/h4>\n<p><a href=\"https:\/\/drive.google.com\/file\/d\/1UKxAzxtZBGnsHvvX1L4H1_3j6Xn0b7MG\/view?usp=sharing\" target=\"_blank\" rel=\"noopener\">Registro da Entidade de numero 012 &#8211; 2025\/2027<\/a>;<\/p>\n<p><a href=\"https:\/\/drive.google.com\/file\/d\/1Fale8DdrTvR21d46cZi_WSyL3jhMDtKY\/view?usp=sharing\" target=\"_blank\" rel=\"noopener\">Documento de emiss\u00e3o do Certificado de Registro 012 &#8211; 2025\/2027<\/a><\/p>\n<p><a href=\"https:\/\/drive.google.com\/file\/d\/1x06JY41cbMQi4ASPsWRMOpkkj8t6M2Fz\/view?usp=sharing\" target=\"_blank\" rel=\"noopener\">Registro de Projeto de numero 016 &#8211; 2023 \/2025<\/a>;<\/p>\n<p>&nbsp;<\/p>\n<h4><strong>Documentos Referentes a Sede:<\/strong><\/h4>\n<p><strong>Habite-se&#8217;s<\/strong> (solicitado ao final da obra de constru\u00e7\u00e3o):<\/p>\n<p><a href=\"https:\/\/drive.google.com\/file\/d\/10UOPSH9gx52OftgVLHVnOQ-VmG1pz_wL\/view?usp=sharing\" target=\"_blank\" rel=\"noopener\">Habite-se &#8211; Planejamento<\/a>;<\/p>\n<p><a href=\"https:\/\/drive.google.com\/file\/d\/1q3v_W9uGngrRdYu3KoVKqBCa7AWrayB_\/view?usp=sharing\" target=\"_blank\" rel=\"noopener\">Habite-se &#8211; Corpo de Bombeiros<\/a> &#8211; Bloco A;<\/p>\n<p><a href=\"https:\/\/drive.google.com\/file\/d\/1xaKz2Cg9HUL88-cFbNnEUh6ieRyj6VO0\/view?usp=sharing\" target=\"_blank\" rel=\"noopener\">Habite-se &#8211; Corpo de Bombeiros<\/a> &#8211; Toda a Sede;<\/p>\n<p><a href=\"https:\/\/drive.google.com\/file\/d\/1Mgsg0xoEeHt7CRg0onlPox2EnfpRCEZF\/view?usp=sharing\" target=\"_blank\" rel=\"noopener\">Atestado de Edifica\u00e7\u00e3o em Regulariza\u00e7\u00e3o 2021 (Devido as obras de amplia\u00e7\u00e3o da sede e nova legisla\u00e7\u00e3o)<\/a>;<\/p>\n<p><a href=\"https:\/\/drive.google.com\/file\/d\/1x9oSqmqXckUOOwAHxk13zDgm0Yu5BTlf\/view?usp=sharing\" target=\"_blank\" rel=\"noopener\">Atestado de Edifica\u00e7\u00e3o em Regulariza\u00e7\u00e3o 2023 (Devido as obras de amplia\u00e7\u00e3o da sede e nova legisla\u00e7\u00e3o)<\/a>;<\/p>\n<p><a href=\"https:\/\/drive.google.com\/file\/d\/1x2liBxV4TFUAPimX9eK3lXgFZblT9xm3\/view?usp=sharing\" target=\"_blank\" rel=\"noopener\">Habite-se &#8211; Sanit\u00e1rio<\/a>;<\/p>\n<p>&nbsp;<\/p>\n<p><strong>Alvar\u00e1s<\/strong> (de renova\u00e7\u00e3o anual):<\/p>\n<p><a href=\"https:\/\/drive.google.com\/file\/d\/1e0WHBxqzexGUnUgYxFrb07CeSiDCDPb3\/view?usp=sharing\" target=\"_blank\" rel=\"noopener\">Alvar\u00e1 de Funcionamento\u00a0 2025 &#8211; Secretaria de Fazenda da PMBC<\/a>;<\/p>\n<p><a href=\"https:\/\/drive.google.com\/file\/d\/1NgV_1fZnLRziRXaxUc6iH_YnHqmcm_5u\/view?usp=sharing\" target=\"_blank\" rel=\"noopener\">Alvar\u00e1 de Funcionamento 2025 &#8211; Corpo de Bombeiros de Balne\u00e1rio Cambori\u00fa<\/a>;<\/p>\n<p><a href=\"https:\/\/drive.google.com\/file\/d\/1uX3fR_aIvTiAwvb8fLVfcliaa7NBmecZ\/view?usp=sharing\" target=\"_blank\" rel=\"noopener\">Alvar\u00e1 Sanit\u00e1rio 2025 &#8211; Secretaria de Sa\u00fade da PMBC<\/a>;<\/p>\n<p>&nbsp;<\/p>\n<p><strong>Emasa<\/strong> &#8211; (renova\u00e7\u00e3o de 3 em 3 anos)<\/p>\n<p><a href=\"https:\/\/drive.google.com\/file\/d\/1gCocC50hgHUledcqR2v2PkkBql3QX1CU\/view?usp=sharing\" target=\"_blank\" rel=\"noopener\">Certificado de Regularidade Sanit\u00e1ria 2023 &#8211; da Sede do Grupo<\/a><\/p>\n<h4><\/h4>\n<p>&nbsp;<\/p>\n<h4><strong>Uni\u00e3o dos Escoteiro do Brasil<\/strong><\/h4>\n<p><strong>UEB &#8211; Nacional:<\/strong><\/p>\n<p><strong>Certificado de Funcionamento<\/strong> : Para ser emitido tem que cumprir alguns requisitos que devem ser alcan\u00e7ados no ano em curso, para conquistar o certificado para o ano seguinte. Ou seja, ter o Certificado de Funcionamento para o ano 2025, significa ter atingido os requisitos durante o ano de 2024, de registros adequados e Encaminhar Atas de Assembleias de Grupo para demonstra o seu funcionamento.<\/p>\n<p><a href=\"https:\/\/drive.google.com\/file\/d\/1QkPsYaU7doJNm66FM65fOQ_6CqXLNx-k\/view?usp=sharing\" target=\"_blank\" rel=\"noopener\">Certificado de Funcionamento 2025<\/a>;<\/p>\n<p>&nbsp;<\/p>\n<p>Certifica\u00e7\u00e3o de <b>Grupo Padr\u00e3o<\/b>: \u00c9 um pr\u00eamio de reconhecimento anual para as Unidades Escoteiras Locais que alcancem um padr\u00e3o\u00a0de qualidade nas \u00e1reas de Administra\u00e7\u00e3o, Forma\u00e7\u00e3o de Adultos, Aplica\u00e7\u00e3o do M\u00e9todo\u00a0Escoteiro, Participa\u00e7\u00e3o na Comunidade, Divulga\u00e7\u00e3o do Movimento\u00a0Escoteiro\u00a0e Avalia\u00e7\u00e3o de Atividades.<\/p>\n<p><a href=\"https:\/\/drive.google.com\/file\/d\/1aUtn1KFZBX4y_brsY7dfJebRFDJ3Ih5B\/view?usp=sharing\" target=\"_blank\" rel=\"noopener\">Grupo Padr\u00e3o Ouro &#8211; Ano Base 2024<\/a>;<\/p>\n<p><a href=\"https:\/\/drive.google.com\/file\/d\/1rtIR0z3qyzIzzoOL--5QWYmn-VDtUHFh\/view?usp=sharing\" target=\"_blank\" rel=\"noopener\">Relat\u00f3rio Grupo Padr\u00e3o 2024<\/a>;<\/p>\n<p>&nbsp;<\/p>\n<p>&nbsp;<\/p>\n<p><a href=\"https:\/\/drive.google.com\/file\/d\/17LgkPUuJN8pp0o04A4tij3oYsiPIZnoi\/view?usp=share_link\">Plano de Grupo 2023 &#8211; GELMAR SC 048<\/a><\/p>\n<p><a href=\"https:\/\/drive.google.com\/file\/d\/1-CMRjUr-qIrjCpfBPszQhiRkpQMeHNxC\/view?usp=share_link\">Plano de Grupo 2022\u00a0 &#8211; GELMAR SC 048<\/a>;<\/p>\n<p>&nbsp;<\/p>\n<p>&nbsp;<\/p>\n<p>&nbsp;<\/p>\n<h3><strong>Atualmente em 05\/2025:<\/strong><\/h3>\n<p>&nbsp;<\/p>\n<p><a href=\"https:\/\/leismunicipais.com.br\/a\/sc\/b\/balneario-camboriu\/decreto\/2024\/1186\/11854\/decreto-n-11854-2024-altera-o-dispositivo-que-menciona-do-decreto-municipal-n-8910-2018-que-dispoe-sobre-a-criacao-do-conselho-gestor-do-parque-natural-municipal-raimundo-goncalez-malta-e-da-outras-providencias?q=grupo+escoteiro+le%C3%A3o+do+mar+\" target=\"_blank\" rel=\"noopener\">Participa como Titular no Conselho Gestor do Parque Ecol\u00f3gico Municipal Raimundo Gon\u00e7ales Malta<\/a>;<\/p>\n<p>Possu\u00ed um conv\u00eanio com a Justi\u00e7a Federal de Itaja\u00ed;<\/p>\n<p>&nbsp;<\/p>\n<p>&nbsp;<\/p>\n<p>&nbsp;<\/p>\n<h2><\/h2>\n<p>&nbsp;<\/p>\n<p><strong><a href=\"https:\/\/drive.google.com\/file\/d\/1dUkyvf1bQQLicQs6xhJwFXt61b3ay0Ku\/view?usp=sharing\" target=\"_blank\" rel=\"noopener\">Projeto Educativo dos\u00a0 Escoteiros do Brasil 2021<\/a>.<\/strong><\/p>\n<p>&nbsp;<\/p>\n<p>&nbsp;<\/p>\n<h4><strong><a href=\"https:\/\/www.escoteirosrs.org.br\/biblioteca-virtual\" target=\"_blank\" rel=\"noopener\">Biblioteca Virtual UEB-RS<\/a>;<\/strong><\/h4>\n<p><a href=\"https:\/\/docs.google.com\/spreadsheets\/d\/1YSc1xb0SPn0ZBEFNQF_7UDCJ6DduGSldgQtOduTuRSg\/edit?usp=drivesdk\" target=\"_blank\" rel=\"noopener\">Biblioteca Acervo GELMAR\u00a0 &#8211; Chefe Moacyr Mallemont Rebelo Filho;<\/a><\/p>\n<p>&nbsp;<\/p>\n<p>Atualizada em 02\/12\/2025<\/p>\n<p>&nbsp;<\/p>\n<p>&nbsp;<\/p>\n","protected":false},"excerpt":{"rendered":"<p>Essa p\u00e1gina tem o objetivo de dar a maior transpar\u00eancia poss\u00edvel na gest\u00e3o do Grupo Escoteiro Le\u00e3o do Mar, cumprindo assim suas obriga\u00e7\u00f5es estatut\u00e1rias e tentando construir um facilitador para novos acordos, conv\u00eanios ou projetos para capta\u00e7\u00e3o de recursos, ajudando a manter o bom funcionamento da entidade. Um fato muito importante de ser informado \u00e9&hellip; <a class=\"more-link\" href=\"https:\/\/www.grupoleaodomar.org.br\/index.php\/transparencia\/\">Continuar lendo <span class=\"screen-reader-text\">Transpar\u00eancia<\/span><\/a><\/p>\n","protected":false},"author":1,"featured_media":158,"parent":0,"menu_order":0,"comment_status":"closed","ping_status":"closed","template":"","meta":{"footnotes":""},"class_list":["post-366","page","type-page","status-publish","has-post-thumbnail","hentry","entry"],"_links":{"self":[{"href":"https:\/\/www.grupoleaodomar.org.br\/index.php\/wp-json\/wp\/v2\/pages\/366","targetHints":{"allow":["GET"]}}],"collection":[{"href":"https:\/\/www.grupoleaodomar.org.br\/index.php\/wp-json\/wp\/v2\/pages"}],"about":[{"href":"https:\/\/www.grupoleaodomar.org.br\/index.php\/wp-json\/wp\/v2\/types\/page"}],"author":[{"embeddable":true,"href":"https:\/\/www.grupoleaodomar.org.br\/index.php\/wp-json\/wp\/v2\/users\/1"}],"replies":[{"embeddable":true,"href":"https:\/\/www.grupoleaodomar.org.br\/index.php\/wp-json\/wp\/v2\/comments?post=366"}],"version-history":[{"count":134,"href":"https:\/\/www.grupoleaodomar.org.br\/index.php\/wp-json\/wp\/v2\/pages\/366\/revisions"}],"predecessor-version":[{"id":866,"href":"https:\/\/www.grupoleaodomar.org.br\/index.php\/wp-json\/wp\/v2\/pages\/366\/revisions\/866"}],"wp:featuredmedia":[{"embeddable":true,"href":"https:\/\/www.grupoleaodomar.org.br\/index.php\/wp-json\/wp\/v2\/media\/158"}],"wp:attachment":[{"href":"https:\/\/www.grupoleaodomar.org.br\/index.php\/wp-json\/wp\/v2\/media?parent=366"}],"curies":[{"name":"wp","href":"https:\/\/api.w.org\/{rel}","templated":true}]}}