{"id":281,"date":"2022-07-15T21:52:28","date_gmt":"2022-07-16T00:52:28","guid":{"rendered":"https:\/\/www.grupoleaodomar.org.br\/?page_id=281"},"modified":"2022-07-15T22:19:26","modified_gmt":"2022-07-16T01:19:26","slug":"jamboree-mundial-2015-japao","status":"publish","type":"page","link":"https:\/\/www.grupoleaodomar.org.br\/index.php\/jamboree-mundial-2015-japao\/","title":{"rendered":"Jamboree Mundial 2015 &#8211; Jap\u00e3o"},"content":{"rendered":"<h3><strong>Gelmar SC 048 no Jamboree Mundial &#8211; Jap\u00e3o 2015<\/strong><\/h3>\n<h3><a href=\"https:\/\/jamboreegelmar.wordpress.com\/\" target=\"_blank\" rel=\"noopener\">Jamboree Mundial &#8211;\u00a0 Jap\u00e3o 2015 &#8211; (Link para o Blog)<\/a><\/h3>\n<p>O que era algo distante no in\u00edcio aos poucos come\u00e7a a se tornar realidade para 5 jovens e 2 adultos \u00a0do Grupo Escoteiro Le\u00e3o do Mar de Balne\u00e1rio Cambori\u00fa.<\/p>\n<p>A decis\u00e3o de ir ao Jamboree foi s\u00f3 o primeiro passo de uma longa jornada, pesquisar e comprar passagens, tirar visto americano e japon\u00eas, verificar documenta\u00e7\u00f5es necess\u00e1rias para a viagem, barracas, passeios no Jap\u00e3o, hospedagens, transportes.<\/p>\n<p>Acompanhe no blog a saga, nossa pequena aventura para a terra do Sol nascente, a ida dos\u00a0membros do Grupo Escoteiro Le\u00e3o do Mar ao Jamboree Mundial.<\/p>\n<p>Autor<\/p>\n<p>Chefe Fabio Kuribara<\/p>\n","protected":false},"excerpt":{"rendered":"<p>Gelmar SC 048 no Jamboree Mundial &#8211; Jap\u00e3o 2015 Jamboree Mundial &#8211;\u00a0 Jap\u00e3o 2015 &#8211; (Link para o Blog) O que era algo distante no in\u00edcio aos poucos come\u00e7a a se tornar realidade para 5 jovens e 2 adultos \u00a0do Grupo Escoteiro Le\u00e3o do Mar de Balne\u00e1rio Cambori\u00fa. A decis\u00e3o de ir ao Jamboree foi&hellip; <a class=\"more-link\" href=\"https:\/\/www.grupoleaodomar.org.br\/index.php\/jamboree-mundial-2015-japao\/\">Continuar lendo <span class=\"screen-reader-text\">Jamboree Mundial 2015 &#8211; Jap\u00e3o<\/span><\/a><\/p>\n","protected":false},"author":1,"featured_media":283,"parent":0,"menu_order":0,"comment_status":"closed","ping_status":"closed","template":"","meta":{"footnotes":""},"class_list":["post-281","page","type-page","status-publish","has-post-thumbnail","hentry","entry"],"_links":{"self":[{"href":"https:\/\/www.grupoleaodomar.org.br\/index.php\/wp-json\/wp\/v2\/pages\/281","targetHints":{"allow":["GET"]}}],"collection":[{"href":"https:\/\/www.grupoleaodomar.org.br\/index.php\/wp-json\/wp\/v2\/pages"}],"about":[{"href":"https:\/\/www.grupoleaodomar.org.br\/index.php\/wp-json\/wp\/v2\/types\/page"}],"author":[{"embeddable":true,"href":"https:\/\/www.grupoleaodomar.org.br\/index.php\/wp-json\/wp\/v2\/users\/1"}],"replies":[{"embeddable":true,"href":"https:\/\/www.grupoleaodomar.org.br\/index.php\/wp-json\/wp\/v2\/comments?post=281"}],"version-history":[{"count":2,"href":"https:\/\/www.grupoleaodomar.org.br\/index.php\/wp-json\/wp\/v2\/pages\/281\/revisions"}],"predecessor-version":[{"id":284,"href":"https:\/\/www.grupoleaodomar.org.br\/index.php\/wp-json\/wp\/v2\/pages\/281\/revisions\/284"}],"wp:featuredmedia":[{"embeddable":true,"href":"https:\/\/www.grupoleaodomar.org.br\/index.php\/wp-json\/wp\/v2\/media\/283"}],"wp:attachment":[{"href":"https:\/\/www.grupoleaodomar.org.br\/index.php\/wp-json\/wp\/v2\/media?parent=281"}],"curies":[{"name":"wp","href":"https:\/\/api.w.org\/{rel}","templated":true}]}}