{"id":271,"date":"2022-07-15T20:57:17","date_gmt":"2022-07-15T23:57:17","guid":{"rendered":"https:\/\/www.grupoleaodomar.org.br\/?page_id=271"},"modified":"2025-01-26T11:54:44","modified_gmt":"2025-01-26T14:54:44","slug":"moacyr-mallemont","status":"publish","type":"page","link":"https:\/\/www.grupoleaodomar.org.br\/index.php\/moacyr-mallemont\/","title":{"rendered":"Moacyr Mallemont Rebello Filho"},"content":{"rendered":"<h3>Moacyr Mallemont Rebello Filho e C\u00e9sar S. Costa &#8211; O Encontro \u2013 Quase 50 anos depois<\/h3>\n<p>&nbsp;<\/p>\n<p>Irei contar duas hist\u00f3rias que est\u00e3o ligadas de uma forma muito especial, que muitos poderiam dizer ser imposs\u00edvel acontecer. \u00c9 uma daquelas coincid\u00eancias incr\u00edveis onde os mais descrentes podem se arrepiar e\u00a0 chegar a cogitar que realmente existe uma m\u00e3o invis\u00edvel vinda dos astros. Ambas as hist\u00f3rias retratam a vida de dois apaixonados pelo escotismo.<\/p>\n<p>Tudo aconteceu em 2009, com o chefe Lima recebendo uma liga\u00e7\u00e3o de uma senhora que gostaria de doar uma s\u00e9rie de livros para o grupo escoteiro da cidade. Seu ex-marido acabara de falecer aqui em Balne\u00e1rio Cambori\u00fa e havia deixado uma biblioteca pessoal.<\/p>\n<p>O falecido senhor\u00a0<a href=\"https:\/\/grupos-escoteiros.webnode.page\/moacyr\/\" target=\"_blank\" rel=\"noopener\">Moacyr Mallemont Rebello Filho\u00a0(link da sua biografia)<\/a>, propriet\u00e1rio dos livros, foi por muitos anos escoteiro e adulto volunt\u00e1rio no movimento, chegando ao cargo de comiss\u00e1rio Executivo Regional da ent\u00e3o regi\u00e3o da\u00a0 Guanabara, que equivale nos dias de hoje a presidente da regi\u00e3o escoteira do Rio de Janeiro.<\/p>\n<p>Ap\u00f3s o telefonema, o chefe Lima\u00a0 foi ao apartamento onde o material se encontrava e teve algumas surpresas&#8230;, a primeira foi a grande quantidade de Livros e a segunda foi que o pr\u00e9dio n\u00e3o possu\u00eda elevador&#8230; com detalhe de que estava sozinho. Seria um trabalho \u00e1rduo carregar aquilo tudo mas mesmo assim decidiu fazer a retirada. Encheu seu carro por completo, do porta malas ao banco dianteiro e levou todo material para a garagem da casa da Dona Maria, minha m\u00e3e, que naquele momento, emprestava esse espa\u00e7o como almoxarifado do Grupo Escoteiro Le\u00e3o do Mar.<\/p>\n<p>Conferimos juntos a doa\u00e7\u00e3o e verificamos que os livros eram os mais vari\u00e1veis poss\u00edveis, de todos os tipos e assuntos. Era um acervo lindo, que encantou pela qualidade, preserva\u00e7\u00e3o e raridade at\u00e9 leigos como n\u00f3s. Em sua maioria eram obras muito antigas, que versavam sobre pintura \u2013 a maioria em l\u00edngua francesa \u2013 belas cole\u00e7\u00f5es sobre orqu\u00eddeas e plantas, livros, manuais e apostilas diversas sobre movimento escoteiro, em sua maioria da primeira metade do s\u00e9culo XX, al\u00e9m de v\u00e1rios t\u00edtulos da mais aclamada literatura brasileira e mundial.<\/p>\n<p>Nos meses seguintes, depois de muitos debates com as Chefias do Grupo nas reuni\u00f5es mensais, decidimos, com o objetivo de preservar e garantir uma melhor acomoda\u00e7\u00e3o, doar todos os t\u00edtulos que n\u00e3o se relacionassem a plantas e ao movimento escoteiro \u00e0 Biblioteca P\u00fablica Municipal &#8220;Machado de Assis&#8221; de Balne\u00e1rio Cambori\u00fa. Isso perfazia um total de 90% do acervo pessoal do Sr. Moacyr.<\/p>\n<p>Fiquei respons\u00e1vel pela tarefa e logo solicitei a visita de um funcion\u00e1rio da biblioteca\u00a0 na nossa sede para avaliar o interesse no grande material que t\u00ednhamos dispon\u00edvel. Dois funcion\u00e1rios, o Jonatas e a Lilian Martins avaliaram o material e gostaram do que viram. Cerca de um ter\u00e7o do acervo era raro e valioso e diante deste fato, caso mantiv\u00e9ssemos a iniciativa da doa\u00e7\u00e3o, os mesmo ficariam no setor de obras raras da Biblioteca. Como exemplo da raridade dos livros, entre os mesmo estavam primeiras edi\u00e7\u00f5es de obras de Monteiro Lobato e uma cole\u00e7\u00e3o completa de Machado de Assis, mais antiga e bem preservada do que a\u00a0 cole\u00e7\u00e3o mais rara que o munic\u00edpio possu\u00eda como s\u00edmbolo do autor que empresta seu nome \u00e0 Biblioteca .<\/p>\n<p>Com o respaldo dos especialistas ficamos ainda mais convictos que o melhor destino das obras seria a doa\u00e7\u00e3o \u00e0 Biblioteca P\u00fablica Municipal, onde seriam guardados com o cuidado que mereciam para sua conserva\u00e7\u00e3o, al\u00e9m de estarem dispon\u00edveis para toda a comunidade. Um trabalho t\u00e9cnico de limpeza e combate a tra\u00e7as que durou cerca de 2 semanas foi realizado nas obras, que em seguida seguiram seu destino.<\/p>\n<p>Alguns meses depois recebemos no grupo a visita da senhora que nos fez a doa\u00e7\u00e3o, um tanto preocupada com o destino que hav\u00edamos dado \u00e1s obras. Pareceu aliviada ao saber como encaminhamos o destino da sua doa\u00e7\u00e3o. Tamb\u00e9m neste per\u00edodo, Leandro Kruel,\u00a0 presidente do grupo na\u00a0 \u00e9poca, recebeu uma liga\u00e7\u00e3o da dire\u00e7\u00e3o nacional da UEB &#8211; Uni\u00e3o dos Escoteiros do Brasil, para que encaminh\u00e1ssemos ao CCME \u2013 Centro Cultural do Movimento Escoteiro do Rio de Janeiro, alguns\u00a0 livros,\u00a0 que poderiam estar entre aqueles que ainda estavam em nossas m\u00e3os. Eram obras do escotismo editados em portugu\u00eas muito antigos considerados os \u00fanicos exemplares ainda existentes. Eles estavam l\u00e1, entre v\u00e1rios outros que demonstravam como o Sr. Moacyr se identificava e era um apaixonado pelo escotismo. <a href=\"https:\/\/drive.google.com\/file\/d\/1XkK8R_3vZD9sFe1WyoEsXvY9ltMbEEoP\/view?usp=sharing\" target=\"_blank\" rel=\"noopener\">Tiramos fotoc\u00f3pia de um deles, Associa\u00e7\u00e3o de Escoteiros Cat\u00f3licos da Lagoa, e encaminhamos os originais para CCME no Rio de Janeiro.<\/a><\/p>\n<p>A segunda parte desta hist\u00f3ria come\u00e7a alguns meses depois. Recebemos num s\u00e1bado a\u00a0visita de um senhor que queria conhecer o Grupo Escoteiro Le\u00e3o do Mar. Informou que havia sido escoteiro na inf\u00e2ncia e adolesc\u00eancia no Rio de Janeiro-RJ e atualmente estava aposentado da fun\u00e7\u00e3o de juiz de direito e\u00a0 morando em Balne\u00e1rio Cambori\u00fa.<\/p>\n<p>Conversa vai conversa vem, comentei com ele a exist\u00eancia \u202fdos livros do chefe escoteiro tamb\u00e9m do Rio de Janeiro-RJ que havia falecido em BC recentemente, e que sua fam\u00edlia havia doado ao nosso grupo. Localizei os materiais e peguei os livros e revistas escoteiras e ambos\u00a0 ficamos\u00a0 folheando os mesmo. Numa das revistas encontramos para nossa surpresa\u00a0 uma foto de uma pioneiria onde aquele senhor ao meu lado, ainda jovem, aparecia na atividade escoteira. Foi um momento de alegria o senhor se reencontrar com ele mesmo, numa publica\u00e7\u00e3o que nem imaginava que existia&#8230; mas mal sabia ele que o destino iria lhe oferecer uma surpresa e emo\u00e7\u00e3o ainda maior.<\/p>\n<p>Empolgado com a foto, come\u00e7ou a me contar das aventuras como jovem escoteiro, dos acampamentos, das m\u00fasicas e outras viv\u00eancias. Em meio ao bate papo continuamos apreciando os livros at\u00e9 que dentro de um deles encontrei uma folha de caderno escrita \u00e0 m\u00e3o, muito amarelada, com um texto que falava sobre bossa nova. Mostrei para o senhor Cesar que ficou visivelmente muito emocionado. Ele\u00a0 vira rapidamente a folha com o texto para mim e come\u00e7a a cantarolar tudo que ali estava escrito, demonstrando que tinha a letra e melodia na sua mem\u00f3ria. Aquela m\u00fasica guardada dentro do livro, que foi\u00a0 criada num acampamento \u00e0 quase 50 anos atr\u00e1s, no Rio de Janeiro, onde hoje atualmente \u00e9 o aeroporto internacional. E ele\u00a0 a encontrou novamente depois de tantos anos aqui em Balne\u00e1rio Cambori\u00fa. L\u00e1grimas surgiram no seu rosto e o momento foi arrepiante. Muito emocionado o Sr. Cesar come\u00e7ou a relatar o movimento escoteiro, na pessoa do seu chefe escoteiro da \u00e9poca,\u00a0 rela\u00e7\u00e3o essa que foi definitiva nos primeiros passos de sua carreira profissional. O menino de origem e costumes muito humildes teve com seu chefe as orienta\u00e7\u00f5es e os valores que foram essenciais para que conquistasse e tivesse sucesso na sua carreira. A gratid\u00e3o estava l\u00e1, em seus olhos marejados, na sua emo\u00e7\u00e3o espont\u00e2nea e sincera.<\/p>\n<p>Nem preciso dizer o quanto\u00a0esse encontro me impactou. Guardei ele com muito respeito por esses anos, pois foi um dos momentos que vivi no movimento escoteiro que mais me inspiraram a seguir adiante.\u00a0Hoje, refletindo sobre a gratid\u00e3o do Sr. Cesar com o chefe escoteiro que o acompanhou durante anos, percebo que ela s\u00f3 existe porque quando menino ele aceitou, acreditou e viveu as orienta\u00e7\u00f5es recebidas.<\/p>\n<p>Texto dedicado \u00e0 mem\u00f3ria do Sr. Moacyr\u00a0Mallemont\u00a0Rebello Filho (* 25\/07\/1941\u00a0+ 07\/12\/2007) que \u00e0 \u00e9poca de jovem, pelo Clube de Excursionista Rio de Janeiro (CERJ)\u00a0\u00a0 guiou um grupo de montanhistas experientes chamados de &#8220;lagartixas&#8221; a montar uma via de acesso ao\u00a0<a href=\"http:\/\/memoria.bn.br\/DocReader\/Hotpage\/HotpageBN.aspx?bib=089842_07&amp;pagfis=17679&amp;url=http:\/\/memoria.bn.br\/docreader\" target=\"_blank\" rel=\"noopener\">&#8220;pared\u00e3o Baden Powell&#8221; no morro &#8220;Dois Irm\u00e3os&#8221;.<\/a>\u00a0Esta\u00a0escalada est\u00e1 classificada at\u00e9 hoje como uma das tr\u00eas mais dif\u00edceis vias de acesso de Montanhismo da cidade do Rio de Janeiro. \u00c9 a \u00fanica via de acesso a uma montanha, em todo mundo, a\u00a0<a href=\"http:\/\/www.companhiadaescalada.com.br\/pt\/wp-content\/uploads\/2013\/04\/baden-powell.pdf\" target=\"_blank\" rel=\"noopener\">homenagear Baden Powell<\/a>, o fundador do Movimento Escoteiro. O nome foi escolhido pelos conquistadores por influ\u00eancia do Sr. Moacyr e pelo seu amor ao escotismo.<\/p>\n<p>Site Escaladas:<\/p>\n<p><a href=\"https:\/\/www.escaladas.com.br\/via\/id\/3243\/Pared%C3%A3o%20Baden-Powell\" target=\"_blank\" rel=\"noopener\">Sobre o Pared\u00e3o<\/a><\/p>\n<p><a href=\"https:\/\/www.escaladas.com.br\/conquistador\/id\/1594\/Moacyr%20Mallemont%20Rebello%20Filho\" target=\"_blank\" rel=\"noopener\">Sobre Moacyr Mallemont<\/a><\/p>\n<p>Outros Sites:<\/p>\n<p><a href=\"https:\/\/grupos-escoteiros.webnode.page\/moacyr\/\" target=\"_blank\" rel=\"noopener\">Moacyr Mallemont Rebelo Filho<\/a><\/p>\n<p><a href=\"https:\/\/patrulhajaguatirica.wordpress.com\/2018\/08\/31\/carta-de-moacyr-mallemont\/\" target=\"_blank\" rel=\"noopener\">Patrulha Jaguatirica &#8211; Moacyr<\/a><\/p>\n<p><a href=\"http:\/\/memoria.bn.br\/DocReader\/Hotpage\/HotpageBN.aspx?bib=089842_07&amp;pagfis=17679&amp;url=http:\/\/memoria.bn.br\/docreader#\" target=\"_blank\" rel=\"noopener\">Jornal da \u00e9poca na Hemeroteca Digital da Biblioteca Nacional<\/a><\/p>\n<p>&nbsp;<\/p>\n<p><a href=\"https:\/\/drive.google.com\/drive\/folders\/1q3TsC8ztbhT3CuAZMrD_0CY53vUxf2XG?usp=sharing\" target=\"_blank\" rel=\"noopener\">Link para algumas imagens dessa hist\u00f3ria<\/a>.<\/p>\n<p><a href=\"https:\/\/docs.google.com\/spreadsheets\/d\/1YSc1xb0SPn0ZBEFNQF_7UDCJ6DduGSldgQtOduTuRSg\/edit?usp=sharing Biblioteca_Acervo _ GELMAR_SC_048\" target=\"_blank\" rel=\"noopener\">Link para uma planilha que estamos elaborando com um levantamento da sua biblioteca escoteira &#8211; J\u00e1 digitalizamos 85% das revistas da sua cole\u00e7\u00e3o e fizemos 70% do levantamento de seus livros escoteiros.<\/a><\/p>\n<p>&nbsp;<\/p>\n<p>Jos\u00e9 Manoel Pereira Neto.<\/p>\n<p>Chefe Escoteiro no Grupo Escoteiro Le\u00e3o do Mar &#8211; GELMAR SC 048.<\/p>\n","protected":false},"excerpt":{"rendered":"<p>Moacyr Mallemont Rebello Filho e C\u00e9sar S. Costa &#8211; O Encontro \u2013 Quase 50 anos depois &nbsp; Irei contar duas hist\u00f3rias que est\u00e3o ligadas de uma forma muito especial, que muitos poderiam dizer ser imposs\u00edvel acontecer. \u00c9 uma daquelas coincid\u00eancias incr\u00edveis onde os mais descrentes podem se arrepiar e\u00a0 chegar a cogitar que realmente existe&hellip; <a class=\"more-link\" href=\"https:\/\/www.grupoleaodomar.org.br\/index.php\/moacyr-mallemont\/\">Continuar lendo <span class=\"screen-reader-text\">Moacyr Mallemont Rebello Filho<\/span><\/a><\/p>\n","protected":false},"author":1,"featured_media":272,"parent":0,"menu_order":0,"comment_status":"closed","ping_status":"closed","template":"","meta":{"footnotes":""},"class_list":["post-271","page","type-page","status-publish","has-post-thumbnail","hentry","entry"],"_links":{"self":[{"href":"https:\/\/www.grupoleaodomar.org.br\/index.php\/wp-json\/wp\/v2\/pages\/271","targetHints":{"allow":["GET"]}}],"collection":[{"href":"https:\/\/www.grupoleaodomar.org.br\/index.php\/wp-json\/wp\/v2\/pages"}],"about":[{"href":"https:\/\/www.grupoleaodomar.org.br\/index.php\/wp-json\/wp\/v2\/types\/page"}],"author":[{"embeddable":true,"href":"https:\/\/www.grupoleaodomar.org.br\/index.php\/wp-json\/wp\/v2\/users\/1"}],"replies":[{"embeddable":true,"href":"https:\/\/www.grupoleaodomar.org.br\/index.php\/wp-json\/wp\/v2\/comments?post=271"}],"version-history":[{"count":17,"href":"https:\/\/www.grupoleaodomar.org.br\/index.php\/wp-json\/wp\/v2\/pages\/271\/revisions"}],"predecessor-version":[{"id":791,"href":"https:\/\/www.grupoleaodomar.org.br\/index.php\/wp-json\/wp\/v2\/pages\/271\/revisions\/791"}],"wp:featuredmedia":[{"embeddable":true,"href":"https:\/\/www.grupoleaodomar.org.br\/index.php\/wp-json\/wp\/v2\/media\/272"}],"wp:attachment":[{"href":"https:\/\/www.grupoleaodomar.org.br\/index.php\/wp-json\/wp\/v2\/media?parent=271"}],"curies":[{"name":"wp","href":"https:\/\/api.w.org\/{rel}","templated":true}]}}