{"id":258,"date":"2022-07-15T18:46:02","date_gmt":"2022-07-15T21:46:02","guid":{"rendered":"https:\/\/www.grupoleaodomar.org.br\/?page_id=258"},"modified":"2022-07-18T12:56:37","modified_gmt":"2022-07-18T15:56:37","slug":"escoteiros-de-itajahy","status":"publish","type":"page","link":"https:\/\/www.grupoleaodomar.org.br\/index.php\/escoteiros-de-itajahy\/","title":{"rendered":"Associa\u00e7\u00e3o de Escoteiros de Itajahy &#8211; 07\/09\/1927"},"content":{"rendered":"<h2><a href=\"https:\/\/drive.google.com\/drive\/folders\/1qVuQP2F15f2fLyQqHG-eHVL5XbNsNQ1W?usp=sharing\" target=\"_blank\" rel=\"noopener\">Associa\u00e7\u00e3o de Escoteiros de Itajahy<\/a><\/h2>\n<p>Nesse hyperlink voc\u00ea vai acessar uma pasta no google drive onde est\u00e3o as imagens das reportagens da \u00e9poca e fotos dessa hist\u00f3ria muito interessante do movimento escoteiro na nossa regi\u00e3o.<\/p>\n<p>&nbsp;<\/p>\n<p>Outro dia no grupo estava dentre os familiares das crian\u00e7as um av\u00f4 esperando o seu neto, o Sr. Amilcar Gazaniga, quando vi est\u00e1vamos conversando sobre o movimento escoteiro da regi\u00e3o, ele passou duas informa\u00e7\u00f5es que eu nunca tinha escutado em todos os anos de trabalho volunt\u00e1rio no movimento escoteiro. Ele informou que existiu um grupo escoteiro na d\u00e9cada de 1920 e 1930\u00a0 em Itaja\u00ed e que seu tio tinha sido chefe escoteiro l\u00e1. Eu tinha recentemente lido a informa\u00e7\u00e3o que o grupo escoteiro mais antigo de Itaja\u00ed era o grupo fundado no Col\u00e9gio Salesiano, GE Domingo S\u00e1vio.\u00a0 (em 02\/03\/1964 &#8211;\u00a0<a href=\"https:\/\/pt.scribd.com\/document\/23992496\/Livro-reportagem-Um-lenco-amarelo-os-30-anos-do-grupo-escoteiro-Padre-Baron-Danilo-Duarte-de-Souza\">Livro Reportagem &#8211; Um Len\u00e7o Amarelo\u00a0<\/a>\u00a0&#8211;\u00a0pg 13 | foto pg 23).<\/p>\n<p>O Sr. Amilcar ent\u00e3o continuou passando os seus conhecimentos sobre o escotismo. Quando para minha surpresa\u00a0 ele tamb\u00e9m revela havia sido escoteiro, de um outro grupo, que tinha existido anteriormente, mais depois de um acidente em uma atividade escoteira, em que ocorreu o falecimento de um jovem na lagoa do cassino da praia brava, o grupo acabou encerrando as suas atividades.<\/p>\n<p>Eu tinha criado o h\u00e1bito de guardar papeis, nomes, hist\u00f3rias, mais essas tr\u00eas informa\u00e7\u00f5es eram especiais, fiquei animado para ver esses documentos, e da\u00ed fiz um pedido para ele. O Sr. tem fotos, texto ou alguma coisa que prove essas informa\u00e7\u00f5es, rindo ele disse.<\/p>\n<p>&#8220;Pode deixar, tenho amigos no arquivo hist\u00f3rico de Itaja\u00ed, vou conseguir apurar melhor essas informa\u00e7\u00f5es, e depois te passo por email. &#8221;<\/p>\n<p>Algum tempo depois, recebi um e-mail com todas as informa\u00e7\u00f5es mencionadas do\u00a0<em>Arquivo Hist\u00f3rico de Itaja\u00ed\u00a0 &#8211; <\/em>Rua: Lauro Muller 335 Centro &#8211; Itaja\u00ed &#8211; SC<\/p>\n<p>&nbsp;<\/p>\n<h3>Conte\u00fado da Pesquisa realizada pelo arquivo hist\u00f3rico de Itaja\u00ed<\/h3>\n<p>Not\u00edcias sobre o Grupo de Escoteiros fundado em Itaja\u00ed em 7 de setembro de 1927,<\/p>\n<p>Publicadas no Jornal O Pharol.<\/p>\n<p>(Obs.: a transcri\u00e7\u00e3o manteve a grafia original)<\/p>\n<p>&nbsp;<\/p>\n<h3><a href=\"https:\/\/drive.google.com\/file\/d\/1UY3r0OyLlsNb3zdT83Yh-GwPZa8LizhY\/view?usp=sharing\" target=\"_blank\" rel=\"noopener\">1)\u202f Jornal O PHAROL, de 31 de agosto de 1927, 1\u00aa p.<\/a><\/h3>\n<p>Grupo de Escoteiros<\/p>\n<p>Em reuni\u00e3o hontem realisada na resid\u00eancia do revdo. Monsenhor Francisco Giesberts\u202f foi discutida a Idea da funda\u00e7\u00e3o de um grupo de escoteiros catholicos, que ficar\u00e1 sob o patroc\u00ednio da Liga Catholica Jesus, Maria, Jos\u00e9.<\/p>\n<p>Poder\u00e3o se inscrever nessa institui\u00e7\u00e3o todas as crean\u00e7as, quer sejam\u202f catholicas ou n\u00e3o.<\/p>\n<p>Para a funda\u00e7\u00e3o definitiva do Grupo ficou marcado o dia 7 de Setembro, quando haver\u00e1 uma grande reuni\u00e3o no Cinema Ideal, havendo nesse mesmo dia uma matine\u00e9 no Cine Victoria offerecida pelo Sr. Gabriel Collares em beneficio do Grupo.<\/p>\n<p>&nbsp;<\/p>\n<h3><a href=\"https:\/\/drive.google.com\/file\/d\/10gFrgO8PdWZ0hYexPSftswsFWsFW06En\/view?usp=sharing\" target=\"_blank\" rel=\"noopener\">2) Jornal O PHAROL, de 10 de setembro de 1927, 1\u00aa p.<\/a><\/h3>\n<p>Grupo de Escoteiros<\/p>\n<p>Realizou-se, quarta-feira, ultima na S. Guarany, a assembl\u00e9a de funda\u00e7\u00e3o de uma associa\u00e7\u00e3o de escoteiros, sob o patroc\u00ednio da Liga Catholica Jes\u00fas, Maria, Jos\u00e9, que teve grande concurrencia.<\/p>\n<p>Presidiu os trabalhos o Sr. Dr. Urbano M\u00fcller Salles, juiz de direito da Comarca. Em nome da Comiss\u00e3o organisadora fallou o Sr. Jos\u00e9 Eugenio Muller, que disse dos fins da Assemblea, dando em seguida a palavra ao orador Sr. Jayme Vieira que, numa brilhante ora\u00e7\u00e3o, discorreu sobre as vantagens do escotismo sendo grandemente applaudido.<\/p>\n<p>Havendo sido eleita em primeira sess\u00e3o uma directoria provis\u00f3ria, o Sr. Dr. Presidente apresentou a mesma para que a Assembl\u00e9a se manifestasse, sendo approvada, ficando assim constitu\u00edda a directoria: director espiritual, Monsenhor Francisco Giesberts, presidente, Jos\u00e9 Eugenio Muller; 1\u00ba vice, Jo\u00e3o Marques Brand\u00e3o; 2\u00ba vice, Ignacio Mascarenhas Passos, 1\u00ba thesoureiro Jo\u00e3o Alcantara da Cunha; 2\u00ba., Ralf Thieme, 1\u00ba secretario, Gaspar Moraes, 2\u00ba., Ary Mascarenhas; instructores,<a href=\"https:\/\/flic.kr\/p\/23riEKA\">\u00a0Luiz Gazaniga<\/a>\u00a0e Gabriel Collares; oradores, Irineu Bornhausen e Jayme Vieira.<\/p>\n<p>Para elaborarem os Estatutos da Associa\u00e7\u00e3o ficou constitu\u00edda a seguinte commiss\u00e3o: Mascarenhas Filho, Francisco Rangel e Jo\u00e3o A. da Cunha.<\/p>\n<p>Ap\u00f3s fallou Monsenhor Giesberts, discursando tamb\u00e9m sobre o escotismo e apresentando como patrono da nova Associa\u00e7\u00e3o S\u00e3o Luiz Gonzaga.<\/p>\n<p>Pelo sr.dr. presidente foi empossada a nova directoria, continuando-se em seguida os trabalhos.<\/p>\n<p>Os srs. Mascarenhas Filho e Francisco Rangel offereceram-se para fazerem conferencias em dias que a directoria designasse, o que foi approvado.<\/p>\n<p>A imprensa local cooperar\u00e1 para o desenvolvimento do escoteirismo, abrindo sec\u00e7\u00f5es especiaes. Tambem o sr.dr. Menescal do Monte offereceu os seus servi\u00e7os profissionaes \u00e0 Associa\u00e7\u00e3o.<\/p>\n<p>Encerrada a assembl\u00e9a foi assignada a acta por todos os presentes.<\/p>\n<p>-As crean\u00e7as que queiram se inscrever dever\u00e3o procurar o sr. Gaspar Moraes ou sr. Ary Mascarenhas, devendo apresentar autorisa\u00e7\u00e3o dos Paes ou tutores, com declara\u00e7\u00e3o de edade e nascimento.<\/p>\n<p>-Amanh\u00e3, \u00e0s 8 horas, realisar-se-\u00e3o nos terrenos do Colegio Parochial os primeiros exerc\u00edcios.<\/p>\n<p>3) Jornal O PHAROL, de 12 de setembro de 1929, 1\u00aa p.<\/p>\n<p>Inaugura\u00e7\u00e3o da sede dos Escoteiros<\/p>\n<p>Sabbado ultimo data commemorativa da nossa independ\u00eancia pol\u00edtica, a Associa\u00e7\u00e3o dos Escoteiros de Itajahy, que festejava tamb\u00e9m nesse dia o 2\u00ba anniversario de sua funda\u00e7\u00e3o, inaugurou a sua sede social, constru\u00edda \u00e1 Rua Sete de Setembro, nas proximidades do edif\u00edcio da Agencia do Lloyd Brasileiro.<\/p>\n<p>A fim de assistir a essa inaugura\u00e7\u00e3o estiveram nesta cidade representantes das escolas de escoteiros de\u00a0Gaspar,\u00a0Florianopolis, Brusque e Joinville,\u00a0chefiados respectivamente pelos srs.\u00a0Amphiloquio\u00a0Nunes Pires, Rodolpho Bosco, Henrique Bosco e Frederico Mann.<\/p>\n<p>A escola de escoteiros desta cidade, bem como os visitantes, participaram da parada realisada na manh\u00e3 daquelle dia, ap\u00f3s a missa campal, pelo Tiro de Guerra 301, sob o comando do esfor\u00e7ado instructor sr. Sargento Jo\u00e3o Oscar Ciqueira, e comemorativa da data de 7 de setembro.<\/p>\n<p>\u00c0s 15 horas na sala do primeiro andar do edif\u00edcio, reunidos a directoria, representantes das autoridades, associa\u00e7\u00f5es e imprensa local, foi, pelo sr. Jos\u00e9 Eugenio Muller, presidente da Associa\u00e7\u00e3o, declarado inaugurado o edif\u00edcio, tendo o mesmo se dirigido ap\u00f3s, em patri\u00f3tico discurso, aos escoteiros formados no pateo e as pessoas presentes no recinto. Usaram tamb\u00e9m da palavra os srs. Jayme Vieira, orador official da Associa\u00e7\u00e3o local, Rodolpho Bosco em nome dos escoteiros de Florianopolis e Amphiloquio Nunes Pires, em nome dos de Gaspar, sendo todos os oradores que mui patrioticamente e com muita felicidade se referiram \u00e0 obra do escotismo, sustentaculo poderoso da defesa e do progresso da Na\u00e7\u00e3o, enthusiasticamente applaudidos.<\/p>\n<p>Ap\u00f3s a inaugura\u00e7\u00e3o teve lugar a tomada de posse da nova directoria, sendo ent\u00e3o iniciado a kermesse em beneficio dos cofres sociaes, a qual se prolongou at\u00e9 ao anoitecer.<\/p>\n<p>&nbsp;<\/p>\n<p>&nbsp;<\/p>\n<p>Muito Obrigado pela disponibilidade e por todas as informa\u00e7\u00f5es Sr. Amilcar Gazaniga.<br \/>\nJos\u00e9 Manoel Pereira Neto<\/p>\n<p>Link para o bate papo &#8211; com \u00edndice nos coment\u00e1rio dos v\u00eddeos:<\/p>\n<p><a href=\"https:\/\/www.youtube.com\/watch?v=CXYngDeE4CQ\" target=\"_blank\" rel=\"noopener\">V\u00eddeo 01 &#8211; Grupos Escoteiros de Itaja\u00ed &#8211; Sr. Amilcar Gazaniga 01\/03<\/a><\/p>\n<p><a href=\"https:\/\/youtu.be\/4_xZemdWxaI\" target=\"_blank\" rel=\"noopener\">V\u00eddeo 02 &#8211; Grupos Escoteiros de Itaja\u00ed &#8211; Sr. Amilcar Gazaniga 02\/03<\/a><\/p>\n<p><a href=\"https:\/\/youtu.be\/iS9KXhFLDwc\" target=\"_blank\" rel=\"noopener\">V\u00eddeo 03 &#8211; Grupos Escoteiros de Itaja\u00ed &#8211; Sr. Amilcar Gazaniga 03\/03<\/a><\/p>\n","protected":false},"excerpt":{"rendered":"<p>Associa\u00e7\u00e3o de Escoteiros de Itajahy Nesse hyperlink voc\u00ea vai acessar uma pasta no google drive onde est\u00e3o as imagens das reportagens da \u00e9poca e fotos dessa hist\u00f3ria muito interessante do movimento escoteiro na nossa regi\u00e3o. &nbsp; Outro dia no grupo estava dentre os familiares das crian\u00e7as um av\u00f4 esperando o seu neto, o Sr. Amilcar&hellip; <a class=\"more-link\" href=\"https:\/\/www.grupoleaodomar.org.br\/index.php\/escoteiros-de-itajahy\/\">Continuar lendo <span class=\"screen-reader-text\">Associa\u00e7\u00e3o de Escoteiros de Itajahy &#8211; 07\/09\/1927<\/span><\/a><\/p>\n","protected":false},"author":1,"featured_media":267,"parent":0,"menu_order":0,"comment_status":"closed","ping_status":"closed","template":"","meta":{"footnotes":""},"class_list":["post-258","page","type-page","status-publish","has-post-thumbnail","hentry","entry"],"_links":{"self":[{"href":"https:\/\/www.grupoleaodomar.org.br\/index.php\/wp-json\/wp\/v2\/pages\/258","targetHints":{"allow":["GET"]}}],"collection":[{"href":"https:\/\/www.grupoleaodomar.org.br\/index.php\/wp-json\/wp\/v2\/pages"}],"about":[{"href":"https:\/\/www.grupoleaodomar.org.br\/index.php\/wp-json\/wp\/v2\/types\/page"}],"author":[{"embeddable":true,"href":"https:\/\/www.grupoleaodomar.org.br\/index.php\/wp-json\/wp\/v2\/users\/1"}],"replies":[{"embeddable":true,"href":"https:\/\/www.grupoleaodomar.org.br\/index.php\/wp-json\/wp\/v2\/comments?post=258"}],"version-history":[{"count":12,"href":"https:\/\/www.grupoleaodomar.org.br\/index.php\/wp-json\/wp\/v2\/pages\/258\/revisions"}],"predecessor-version":[{"id":329,"href":"https:\/\/www.grupoleaodomar.org.br\/index.php\/wp-json\/wp\/v2\/pages\/258\/revisions\/329"}],"wp:featuredmedia":[{"embeddable":true,"href":"https:\/\/www.grupoleaodomar.org.br\/index.php\/wp-json\/wp\/v2\/media\/267"}],"wp:attachment":[{"href":"https:\/\/www.grupoleaodomar.org.br\/index.php\/wp-json\/wp\/v2\/media?parent=258"}],"curies":[{"name":"wp","href":"https:\/\/api.w.org\/{rel}","templated":true}]}}