{"id":251,"date":"2022-07-15T18:30:08","date_gmt":"2022-07-15T21:30:08","guid":{"rendered":"https:\/\/www.grupoleaodomar.org.br\/?page_id=251"},"modified":"2023-07-26T23:08:13","modified_gmt":"2023-07-27T02:08:13","slug":"livro-e-novas-historias","status":"publish","type":"page","link":"https:\/\/www.grupoleaodomar.org.br\/index.php\/livro-e-novas-historias\/","title":{"rendered":"O Livro e as Novas Hist\u00f3rias"},"content":{"rendered":"<p>&nbsp;<\/p>\n<p>&nbsp;<\/p>\n<p><strong>A HIST\u00d3RIA CONTINUA&#8230;<\/strong><\/p>\n<p>No nosso livro, voc\u00ea vai encontrar relatos emocionantes de risos, l\u00e1grimas, muito suor e aprendizagens&#8230; foram momentos marcantes na vida de quem as viveu! Contudo, exp\u00f5em fatos e sentimentos que n\u00e3o podem ser considerados a vers\u00e3o completa da hist\u00f3ria do Le\u00e3o do Mar. Existem muitos outros incr\u00edveis momentos e acontecimentos que ainda permanecem apenas na mem\u00f3ria de quem participou do grupo escoteiro Le\u00e3o do Mar.<\/p>\n<p><strong>POR ISSO CONVIDAMOS VOC\u00ca PARA CONTAR UMA HIST\u00d3RIA&#8230;<\/strong><\/p>\n<p><strong>AQUELA QUE N\u00c3O PODE SER ESQUECIDA&#8230;<\/strong><\/p>\n<p><strong>E QUE AINDA DEVE E PODE SER REGISTRADA!<\/strong><\/p>\n<p>&nbsp;<\/p>\n<p>&nbsp;<\/p>\n<p>Escreva e se poss\u00edvel adicione fotos e v\u00eddeos, enviando-a para o email:<\/p>\n<p><a href=\"mailto:livrogelmar@gmail.com\"><strong>contato@grupoleaodomar.org.br<\/strong><\/a><\/p>\n<p>&nbsp;<\/p>\n<p>&nbsp;<\/p>\n<p>Acesse o link\u00a0<strong>abaixo<\/strong>\u00a0e tenha acesso a\u00a0<strong><em>VERS\u00c3O DIGITAL<\/em><\/strong>\u00a0do livro:<\/p>\n<h3><strong><em><a href=\"https:\/\/drive.google.com\/file\/d\/1pqqQSYlTuM94STYnsPrGS85oU3Utc0ks\/view?usp=sharing\" target=\"_blank\" rel=\"noopener\">\u201cGRUPO ESCOTEIRO LE\u00c3O DO MAR :Desde 1980 em Balne\u00e1rio Cambori\u00fa\u201d<\/a><\/em><\/strong><\/h3>\n<p><a href=\"https:\/\/drive.google.com\/drive\/folders\/10EBjBtG3niBszKU17LHS6Cvaa1Fmn_cj?usp=sharing\" target=\"_blank\" rel=\"noopener\">Link para as reportagens de Jornais da \u00e9poca ref. ao Le\u00e3o do Mar.<\/a><\/p>\n<p>&nbsp;<\/p>\n<p>&nbsp;<\/p>\n<h2><strong><em>AS NOVAS HIST\u00d3RIAS RECEBID<\/em><\/strong><strong><em>AS TAMB\u00c9M SER\u00c3O PUBLICADAS ABAIXO.<\/em><\/strong><\/h2>\n<p>Assuntos encontrados quando das pesquisas para confec\u00e7\u00e3o do Livro do Grupo:<\/p>\n<h3><a href=\"https:\/\/www.grupoleaodomar.org.br\/index.php\/escoteiros-de-itajahy\/\" target=\"_blank\" rel=\"noopener\">Associa\u00e7\u00e3o de Escoteiros de Itajhay 07\/09\/1927 &#8211; Jos\u00e9 Manoel<\/a><\/h3>\n<h3><a href=\"https:\/\/www.grupoleaodomar.org.br\/index.php\/o-acidente\/\" target=\"_blank\" rel=\"noopener\">O Acidente &#8211; Jos\u00e9 Manoel<\/a><\/h3>\n<p>&nbsp;<\/p>\n<p>Outras Hist\u00f3rias:<\/p>\n<h3><a href=\"https:\/\/www.grupoleaodomar.org.br\/index.php\/moacyr-mallemont\/\" target=\"_blank\" rel=\"noopener\">Moacyr Mallemont Rebello Filho &#8211; Jos\u00e9 Manoel<\/a><\/h3>\n<p>&nbsp;<\/p>\n<h3><a href=\"https:\/\/www.grupoleaodomar.org.br\/index.php\/jamboree-mundial-2015-japao\/\" target=\"_blank\" rel=\"noopener\">Jamboree Mundial 2015 &#8211; Jap\u00e3o &#8211; F\u00e1bio Kuribara<\/a><\/h3>\n<p>&nbsp;<\/p>\n<h3><a href=\"https:\/\/www.grupoleaodomar.org.br\/index.php\/dia-do-escoteiro\/\" target=\"_blank\" rel=\"noopener\">Dia do Escoteiro &#8211; Stephanye Luchtenberg<\/a><\/h3>\n<p>&nbsp;<\/p>\n<h3><\/h3>\n<p>&nbsp;<\/p>\n<p>&nbsp;<\/p>\n<p>&nbsp;<\/p>\n<p>&nbsp;<\/p>\n<p>&nbsp;<\/p>\n","protected":false},"excerpt":{"rendered":"<p>&nbsp; &nbsp; A HIST\u00d3RIA CONTINUA&#8230; No nosso livro, voc\u00ea vai encontrar relatos emocionantes de risos, l\u00e1grimas, muito suor e aprendizagens&#8230; foram momentos marcantes na vida de quem as viveu! Contudo, exp\u00f5em fatos e sentimentos que n\u00e3o podem ser considerados a vers\u00e3o completa da hist\u00f3ria do Le\u00e3o do Mar. Existem muitos outros incr\u00edveis momentos e acontecimentos&hellip; <a class=\"more-link\" href=\"https:\/\/www.grupoleaodomar.org.br\/index.php\/livro-e-novas-historias\/\">Continuar lendo <span class=\"screen-reader-text\">O Livro e as Novas Hist\u00f3rias<\/span><\/a><\/p>\n","protected":false},"author":1,"featured_media":252,"parent":0,"menu_order":0,"comment_status":"closed","ping_status":"closed","template":"","meta":{"footnotes":""},"class_list":["post-251","page","type-page","status-publish","has-post-thumbnail","hentry","entry"],"_links":{"self":[{"href":"https:\/\/www.grupoleaodomar.org.br\/index.php\/wp-json\/wp\/v2\/pages\/251","targetHints":{"allow":["GET"]}}],"collection":[{"href":"https:\/\/www.grupoleaodomar.org.br\/index.php\/wp-json\/wp\/v2\/pages"}],"about":[{"href":"https:\/\/www.grupoleaodomar.org.br\/index.php\/wp-json\/wp\/v2\/types\/page"}],"author":[{"embeddable":true,"href":"https:\/\/www.grupoleaodomar.org.br\/index.php\/wp-json\/wp\/v2\/users\/1"}],"replies":[{"embeddable":true,"href":"https:\/\/www.grupoleaodomar.org.br\/index.php\/wp-json\/wp\/v2\/comments?post=251"}],"version-history":[{"count":13,"href":"https:\/\/www.grupoleaodomar.org.br\/index.php\/wp-json\/wp\/v2\/pages\/251\/revisions"}],"predecessor-version":[{"id":589,"href":"https:\/\/www.grupoleaodomar.org.br\/index.php\/wp-json\/wp\/v2\/pages\/251\/revisions\/589"}],"wp:featuredmedia":[{"embeddable":true,"href":"https:\/\/www.grupoleaodomar.org.br\/index.php\/wp-json\/wp\/v2\/media\/252"}],"wp:attachment":[{"href":"https:\/\/www.grupoleaodomar.org.br\/index.php\/wp-json\/wp\/v2\/media?parent=251"}],"curies":[{"name":"wp","href":"https:\/\/api.w.org\/{rel}","templated":true}]}}