{"id":2,"date":"2021-10-07T22:41:15","date_gmt":"2021-10-08T01:41:15","guid":{"rendered":"https:\/\/www.grupoleaodomar.org.br\/?page_id=2"},"modified":"2021-10-10T19:45:33","modified_gmt":"2021-10-10T22:45:33","slug":"pagina-exemplo","status":"publish","type":"page","link":"https:\/\/www.grupoleaodomar.org.br\/index.php\/pagina-exemplo\/","title":{"rendered":"Inicio"},"content":{"rendered":"\n<p><strong>Grupo Escoteiro Le\u00e3o do Mar &#8211; GELMAR SC 048<\/strong><\/p>\n\n\n\n<p><\/p>\n\n\n\n<p>Desculpe-nos o transtorno, estamos trabalhando para atualizar o site do Grupo Escoteiro Le\u00e3o do Mar &#8211; GELMAR SC 048 &#8211; Balne\u00e1rio Cambori\u00fa &#8211; Santa Catarina &#8211; Brasil   &#8211; Fundado em 23\/10\/1980<\/p>\n\n\n\n<p><strong>P\u00fablico Externo<\/strong><\/p>\n\n\n\n<p>Link para o Formul\u00e1rio de interesse para ingresso no Grupo. <a rel=\"noreferrer noopener\" href=\"https:\/\/forms.gle\/agUadowonw7zQTV16\" data-type=\"URL\" data-id=\"https:\/\/forms.gle\/agUadowonw7zQTV16\" target=\"_blank\">https:\/\/forms.gle\/agUadowonw7zQTV16<\/a><\/p>\n\n\n\n<p>Link para Solicita\u00e7\u00e3o de Empr\u00e9stimo da Sede. (somente para organiza\u00e7\u00f5es da sociedade civil e integrantes do grupo. <a rel=\"noreferrer noopener\" href=\"https:\/\/forms.gle\/NvHeTtnogKiQz8Kk9\" target=\"_blank\">https:\/\/forms.gle\/NvHeTtnogKiQz8Kk9<\/a><\/p>\n\n\n\n<p><\/p>\n\n\n\n<p><strong>P\u00fablico Interno<\/strong><\/p>\n\n\n\n<p>Link para Solicita\u00e7\u00e3o de Manuten\u00e7\u00e3o da Sede<a href=\"https:\/\/forms.gle\/CYiyr3GxAJ6xNRmLA\" target=\"_blank\" rel=\"noreferrer noopener\">https:\/\/forms.gle\/CYiyr3GxAJ6xNRmLA<\/a><\/p>\n\n\n\n<p><\/p>\n\n\n\n<p><strong>Contatos Gest\u00e3o 2021\/2022:<\/strong><\/p>\n\n\n\n<p>Presidente &#8211; presidencia@grupoleaodomar.org.br<\/p>\n\n\n\n<p>Diretora Financeira &#8211; financeiro@grupoleaodomar.org.br <\/p>\n\n\n\n<p>Diretoria Administrativa &#8211; secretaria@grupoleaodomar.org.br <\/p>\n\n\n\n<p><\/p>\n\n\n\n<p><\/p>\n","protected":false},"excerpt":{"rendered":"<p>Grupo Escoteiro Le\u00e3o do Mar &#8211; GELMAR SC 048 Desculpe-nos o transtorno, estamos trabalhando para atualizar o site do Grupo Escoteiro Le\u00e3o do Mar &#8211; GELMAR SC 048 &#8211; Balne\u00e1rio Cambori\u00fa &#8211; Santa Catarina &#8211; Brasil &#8211; Fundado em 23\/10\/1980 P\u00fablico Externo Link para o Formul\u00e1rio de interesse para ingresso no Grupo. https:\/\/forms.gle\/agUadowonw7zQTV16 Link para&hellip; <a class=\"more-link\" href=\"https:\/\/www.grupoleaodomar.org.br\/index.php\/pagina-exemplo\/\">Continuar lendo <span class=\"screen-reader-text\">Inicio<\/span><\/a><\/p>\n","protected":false},"author":1,"featured_media":0,"parent":0,"menu_order":0,"comment_status":"closed","ping_status":"open","template":"","meta":{"footnotes":""},"class_list":["post-2","page","type-page","status-publish","hentry","entry"],"_links":{"self":[{"href":"https:\/\/www.grupoleaodomar.org.br\/index.php\/wp-json\/wp\/v2\/pages\/2","targetHints":{"allow":["GET"]}}],"collection":[{"href":"https:\/\/www.grupoleaodomar.org.br\/index.php\/wp-json\/wp\/v2\/pages"}],"about":[{"href":"https:\/\/www.grupoleaodomar.org.br\/index.php\/wp-json\/wp\/v2\/types\/page"}],"author":[{"embeddable":true,"href":"https:\/\/www.grupoleaodomar.org.br\/index.php\/wp-json\/wp\/v2\/users\/1"}],"replies":[{"embeddable":true,"href":"https:\/\/www.grupoleaodomar.org.br\/index.php\/wp-json\/wp\/v2\/comments?post=2"}],"version-history":[{"count":5,"href":"https:\/\/www.grupoleaodomar.org.br\/index.php\/wp-json\/wp\/v2\/pages\/2\/revisions"}],"predecessor-version":[{"id":27,"href":"https:\/\/www.grupoleaodomar.org.br\/index.php\/wp-json\/wp\/v2\/pages\/2\/revisions\/27"}],"wp:attachment":[{"href":"https:\/\/www.grupoleaodomar.org.br\/index.php\/wp-json\/wp\/v2\/media?parent=2"}],"curies":[{"name":"wp","href":"https:\/\/api.w.org\/{rel}","templated":true}]}}